{"id":3426,"date":"2018-03-20T18:13:56","date_gmt":"2018-03-20T17:13:56","guid":{"rendered":"http:\/\/parafia-przyszowice.pl\/w\/?page_id=3426"},"modified":"2019-12-01T21:20:43","modified_gmt":"2019-12-01T20:20:43","slug":"sakramenty","status":"publish","type":"page","link":"https:\/\/parafia-przyszowice.pl\/w\/sakramenty\/","title":{"rendered":"Sakramenty"},"content":{"rendered":"<blockquote class=\"wp-embedded-content\" data-secret=\"mC7R19bUBK\"><p><a href=\"https:\/\/parafia-przyszowice.pl\/w\/sakramenty-swiete\/chrzest\/\">Chrzest<\/a><\/p><\/blockquote>\n<p><iframe loading=\"lazy\" class=\"wp-embedded-content\" sandbox=\"allow-scripts\" security=\"restricted\" style=\"position: absolute; clip: rect(1px, 1px, 1px, 1px);\" title=\"&#8222;Chrzest&#8221; &#8212; Parafia \u015bw. Jana Nepomucena w Przyszowicach\" src=\"https:\/\/parafia-przyszowice.pl\/w\/sakramenty-swiete\/chrzest\/embed\/#?secret=OQ8R0ffvQ2#?secret=mC7R19bUBK\" data-secret=\"mC7R19bUBK\" width=\"600\" height=\"338\" frameborder=\"0\" marginwidth=\"0\" marginheight=\"0\" scrolling=\"no\"><\/iframe><\/p>\n<blockquote class=\"wp-embedded-content\" data-secret=\"ufH6TXpB2Z\"><p><a href=\"https:\/\/parafia-przyszowice.pl\/w\/sakramenty-swiete\/i-komunia-swieta-3\/\">I Komunia \u015bwi\u0119ta<\/a><\/p><\/blockquote>\n<p><iframe loading=\"lazy\" class=\"wp-embedded-content\" sandbox=\"allow-scripts\" security=\"restricted\" style=\"position: absolute; clip: rect(1px, 1px, 1px, 1px);\" title=\"&#8222;I Komunia \u015bwi\u0119ta&#8221; &#8212; Parafia \u015bw. Jana Nepomucena w Przyszowicach\" src=\"https:\/\/parafia-przyszowice.pl\/w\/sakramenty-swiete\/i-komunia-swieta-3\/embed\/#?secret=97szqSGAuP#?secret=ufH6TXpB2Z\" data-secret=\"ufH6TXpB2Z\" width=\"600\" height=\"338\" frameborder=\"0\" marginwidth=\"0\" marginheight=\"0\" scrolling=\"no\"><\/iframe><\/p>\n<blockquote class=\"wp-embedded-content\" data-secret=\"EYYW1tTMGB\"><p><a href=\"https:\/\/parafia-przyszowice.pl\/w\/sakramenty-swiete\/bierzmowanie-2\/\">Bierzmowanie<\/a><\/p><\/blockquote>\n<p><iframe loading=\"lazy\" class=\"wp-embedded-content\" sandbox=\"allow-scripts\" security=\"restricted\" style=\"position: absolute; clip: rect(1px, 1px, 1px, 1px);\" title=\"&#8222;Bierzmowanie&#8221; &#8212; Parafia \u015bw. Jana Nepomucena w Przyszowicach\" src=\"https:\/\/parafia-przyszowice.pl\/w\/sakramenty-swiete\/bierzmowanie-2\/embed\/#?secret=0163vF3PvR#?secret=EYYW1tTMGB\" data-secret=\"EYYW1tTMGB\" width=\"600\" height=\"338\" frameborder=\"0\" marginwidth=\"0\" marginheight=\"0\" scrolling=\"no\"><\/iframe><\/p>\n<blockquote class=\"wp-embedded-content\" data-secret=\"LX4mZ9julx\"><p><a href=\"https:\/\/parafia-przyszowice.pl\/w\/sakramenty-swiete\/malzenstwo\/\">Ma\u0142\u017ce\u0144stwo<\/a><\/p><\/blockquote>\n<p><iframe loading=\"lazy\" class=\"wp-embedded-content\" sandbox=\"allow-scripts\" security=\"restricted\" style=\"position: absolute; clip: rect(1px, 1px, 1px, 1px);\" title=\"&#8222;Ma\u0142\u017ce\u0144stwo&#8221; &#8212; Parafia \u015bw. Jana Nepomucena w Przyszowicach\" src=\"https:\/\/parafia-przyszowice.pl\/w\/sakramenty-swiete\/malzenstwo\/embed\/#?secret=blskR1gBVz#?secret=LX4mZ9julx\" data-secret=\"LX4mZ9julx\" width=\"600\" height=\"338\" frameborder=\"0\" marginwidth=\"0\" marginheight=\"0\" scrolling=\"no\"><\/iframe><\/p>\n","protected":false},"excerpt":{"rendered":"<p>Chrzest I Komunia \u015bwi\u0119ta Bierzmowanie Ma\u0142\u017ce\u0144stwo<\/p>\n","protected":false},"author":1,"featured_media":0,"parent":0,"menu_order":0,"comment_status":"closed","ping_status":"closed","template":"","meta":{"footnotes":""},"class_list":["post-3426","page","type-page","status-publish","hentry"],"_links":{"self":[{"href":"https:\/\/parafia-przyszowice.pl\/w\/wp-json\/wp\/v2\/pages\/3426","targetHints":{"allow":["GET"]}}],"collection":[{"href":"https:\/\/parafia-przyszowice.pl\/w\/wp-json\/wp\/v2\/pages"}],"about":[{"href":"https:\/\/parafia-przyszowice.pl\/w\/wp-json\/wp\/v2\/types\/page"}],"author":[{"embeddable":true,"href":"https:\/\/parafia-przyszowice.pl\/w\/wp-json\/wp\/v2\/users\/1"}],"replies":[{"embeddable":true,"href":"https:\/\/parafia-przyszowice.pl\/w\/wp-json\/wp\/v2\/comments?post=3426"}],"version-history":[{"count":2,"href":"https:\/\/parafia-przyszowice.pl\/w\/wp-json\/wp\/v2\/pages\/3426\/revisions"}],"predecessor-version":[{"id":3775,"href":"https:\/\/parafia-przyszowice.pl\/w\/wp-json\/wp\/v2\/pages\/3426\/revisions\/3775"}],"wp:attachment":[{"href":"https:\/\/parafia-przyszowice.pl\/w\/wp-json\/wp\/v2\/media?parent=3426"}],"curies":[{"name":"wp","href":"https:\/\/api.w.org\/{rel}","templated":true}]}}