{"id":3407,"date":"2018-03-19T17:03:26","date_gmt":"2018-03-19T16:03:26","guid":{"rendered":"http:\/\/parafia-przyszowice.pl\/w\/?page_id=3407"},"modified":"2019-02-17T20:48:17","modified_gmt":"2019-02-17T19:48:17","slug":"grupy-parafialne","status":"publish","type":"page","link":"https:\/\/parafia-przyszowice.pl\/w\/grupy-parafialne\/","title":{"rendered":"Grupy parafialne"},"content":{"rendered":"<p><strong>GRUPY W PARAFII \u015aWI\u0118TEGO JANA NEPOMUCENA W PRZYSZOWICACH<\/strong><\/p>\n<ol>\n<li><strong>Ministranci<\/strong> \u2013 sobota 9:00, oko\u0142o 30 os\u00f3b<\/li>\n<li><strong>Dzieci Maryi<\/strong> \u2013 sobota 10:00, oko\u0142o 25 os\u00f3b<\/li>\n<li><strong>Oaza m\u0142odzie\u017cowa<\/strong> \u2013 pi\u0105tek 19:00, oko\u0142o 15 os\u00f3b<\/li>\n<li><strong>Domowy Ko\u015bci\u00f3\u0142<\/strong> \u2013 niedziela 15:30, oko\u0142o 6 ma\u0142\u017ce\u0144stw<\/li>\n<li><strong>III Zakon Franciszka\u0144ski<\/strong> \u2013 5 os\u00f3b,<\/li>\n<li><strong>Ko\u0142o Przyjaci\u00f3\u0142 Radia Maryja<\/strong> \u2013 20 os\u00f3b,<\/li>\n<li><strong>Margaretki<\/strong> \u2013 8 grup razem os\u00f3b 56,<\/li>\n<li><strong>R\u00f3\u017ce R\u00f3\u017ca\u0144cowe<\/strong> \u2013 15 R\u00f3\u017c razem 300 os\u00f3b, spotkania okazyjne<\/li>\n<li><strong>Caritas Parafii<\/strong> \u2013 10 os\u00f3b, spotkania okazyjne<\/li>\n<li><strong>Ko\u0142o Misyjne<\/strong> \u2013 15 os\u00f3b, spotkania okazyjne<\/li>\n<\/ol>\n<p><blockquote class=\"wp-embedded-content\" data-secret=\"hkyWlzETuj\"><a href=\"https:\/\/parafia-przyszowice.pl\/w\/grupy-parafialne\/domowy-kosciol\/\">Domowy Ko\u015bci\u00f3\u0142<\/a><\/blockquote><iframe loading=\"lazy\" class=\"wp-embedded-content\" sandbox=\"allow-scripts\" security=\"restricted\" style=\"position: absolute; clip: rect(1px, 1px, 1px, 1px);\" title=\"&#8222;Domowy Ko\u015bci\u00f3\u0142&#8221; &#8212; Parafia \u015bw. Jana Nepomucena w Przyszowicach\" src=\"https:\/\/parafia-przyszowice.pl\/w\/grupy-parafialne\/domowy-kosciol\/embed\/#?secret=WTXruPFaGI#?secret=hkyWlzETuj\" data-secret=\"hkyWlzETuj\" width=\"600\" height=\"338\" frameborder=\"0\" marginwidth=\"0\" marginheight=\"0\" scrolling=\"no\"><\/iframe><\/p>\n<p><blockquote class=\"wp-embedded-content\" data-secret=\"k3o1It2Xq5\"><a href=\"https:\/\/parafia-przyszowice.pl\/w\/kolko-misyjne\/\">K\u00f3\u0142ko misyjne<\/a><\/blockquote><iframe loading=\"lazy\" class=\"wp-embedded-content\" sandbox=\"allow-scripts\" security=\"restricted\" style=\"position: absolute; clip: rect(1px, 1px, 1px, 1px);\" title=\"&#8222;K\u00f3\u0142ko misyjne&#8221; &#8212; Parafia \u015bw. Jana Nepomucena w Przyszowicach\" src=\"https:\/\/parafia-przyszowice.pl\/w\/kolko-misyjne\/embed\/#?secret=H0yjvBxzUf#?secret=k3o1It2Xq5\" data-secret=\"k3o1It2Xq5\" width=\"600\" height=\"338\" frameborder=\"0\" marginwidth=\"0\" marginheight=\"0\" scrolling=\"no\"><\/iframe><\/p>\n\n\n<p><\/p>\n","protected":false},"excerpt":{"rendered":"<p>GRUPY W PARAFII \u015aWI\u0118TEGO JANA NEPOMUCENA W PRZYSZOWICACH Ministranci \u2013 sobota 9:00, oko\u0142o 30 os\u00f3b Dzieci Maryi \u2013 sobota 10:00, oko\u0142o 25 os\u00f3b Oaza m\u0142odzie\u017cowa \u2013 pi\u0105tek 19:00, oko\u0142o 15 os\u00f3b Domowy Ko\u015bci\u00f3\u0142 \u2013 niedziela 15:30, oko\u0142o 6 ma\u0142\u017ce\u0144stw III Zakon Franciszka\u0144ski \u2013 5 os\u00f3b, Ko\u0142o Przyjaci\u00f3\u0142 Radia Maryja \u2013 20 os\u00f3b, Margaretki \u2013 8 [&hellip;]<\/p>\n","protected":false},"author":1,"featured_media":0,"parent":0,"menu_order":0,"comment_status":"closed","ping_status":"closed","template":"","meta":{"footnotes":""},"class_list":["post-3407","page","type-page","status-publish","hentry"],"_links":{"self":[{"href":"https:\/\/parafia-przyszowice.pl\/w\/wp-json\/wp\/v2\/pages\/3407","targetHints":{"allow":["GET"]}}],"collection":[{"href":"https:\/\/parafia-przyszowice.pl\/w\/wp-json\/wp\/v2\/pages"}],"about":[{"href":"https:\/\/parafia-przyszowice.pl\/w\/wp-json\/wp\/v2\/types\/page"}],"author":[{"embeddable":true,"href":"https:\/\/parafia-przyszowice.pl\/w\/wp-json\/wp\/v2\/users\/1"}],"replies":[{"embeddable":true,"href":"https:\/\/parafia-przyszowice.pl\/w\/wp-json\/wp\/v2\/comments?post=3407"}],"version-history":[{"count":10,"href":"https:\/\/parafia-przyszowice.pl\/w\/wp-json\/wp\/v2\/pages\/3407\/revisions"}],"predecessor-version":[{"id":3546,"href":"https:\/\/parafia-przyszowice.pl\/w\/wp-json\/wp\/v2\/pages\/3407\/revisions\/3546"}],"wp:attachment":[{"href":"https:\/\/parafia-przyszowice.pl\/w\/wp-json\/wp\/v2\/media?parent=3407"}],"curies":[{"name":"wp","href":"https:\/\/api.w.org\/{rel}","templated":true}]}}