{"id":3385,"date":"2018-03-08T21:48:56","date_gmt":"2018-03-08T20:48:56","guid":{"rendered":"http:\/\/parafia-przyszowice.pl\/w\/?page_id=3385"},"modified":"2018-03-20T17:47:04","modified_gmt":"2018-03-20T16:47:04","slug":"czas-misji-program-formacyjny-pdmd-2017-18","status":"publish","type":"page","link":"https:\/\/parafia-przyszowice.pl\/w\/kolko-misyjne\/czas-misji-program-formacyjny-pdmd-2017-18\/","title":{"rendered":"Czas misji &#8211; program formacyjny PDMD 2017\/18"},"content":{"rendered":"<p>Tegoroczny program Papieskiego Dzie\u0142a Misyjnego Dzieci w Polsce zatytu\u0142owany jest \u201eCzas misji\u201d. Przez dziesi\u0119\u0107 miesi\u0119cy b\u0119dziemy spogl\u0105da\u0107 na czas jako dar Bo\u017cy, b\u0142ogos\u0142awie\u0144stwo i wezwanie, ucz\u0105c si\u0119 m\u0105drze i z rado\u015bci\u0105 go wype\u0142nia\u0107, a tak\u017ce dostrzega\u0107 w nim sposobno\u015b\u0107 do dawania \u015bwiadectwa i g\u0142oszenia Ewangelii.<\/p>\n<p>Tegoroczny program Papieskiego Dzie\u0142a Misyjnego Dzieci w Polsce zatytu\u0142owany jest \u201eCzas misji\u201d. Przez dziesi\u0119\u0107 miesi\u0119cy b\u0119dziemy spogl\u0105da\u0107 na czas jako dar Bo\u017cy, b\u0142ogos\u0142awie\u0144stwo i wezwanie, ucz\u0105c si\u0119 m\u0105drze i z rado\u015bci\u0105 go wype\u0142nia\u0107, a tak\u017ce dostrzega\u0107 w nim sposobno\u015b\u0107 do dawania \u015bwiadectwa i g\u0142oszenia Ewangelii.<\/p>\n<p>Ka\u017cde z dziesi\u0119ciu spotka\u0144 opiera si\u0119 na trzech filarach zwi\u0105zanych z tematem czasu:<\/p>\n<ul>\n<li>I. JESTEM \u2013 nawi\u0105zujemy do do\u015bwiadcze\u0144 dzieci oraz stajemy w \u015bwietle s\u0142owa Bo\u017cego, kt\u00f3re jest najwi\u0119kszym autorytetem i ukazuje zamiary Bo\u017ce.<\/li>\n<li>II. ROSN\u0118 \u2013 etap tw\u00f3rczej refleksji, rozwoju oraz zdobywania do\u015bwiadcze\u0144 i m\u0105dro\u015bci \u017cyciowej, s\u0142uchanie siebie nawzajem. Propozycje zabaw i \u0107wicze\u0144 ucz\u0105 wsp\u00f3\u0142pracy, otwarcia i szacunku.<\/li>\n<li>III. OWOCUJ\u0118 \u2013 w tej cz\u0119\u015bci praca z dzie\u0107mi nawi\u0105zuje do pojawiaj\u0105cego si\u0119 przy ka\u017cdym temacie zaproszenia do kszta\u0142towania postaw (Misjonarz z charakterem). Uczestnicy, przygotowani i gotowi odpowiedzie\u0107 na wezwanie Bo\u017ce, podejmuj\u0105 konkretne zadania \u201etu i teraz\u201d. Podejmuj\u0105 konkretn\u0105 prac\u0119 nad sob\u0105 i realizuj\u0105 przedsi\u0119wzi\u0119cia i akcje zwi\u0105zane z ich zaanga\u017cowaniem w PDMD.<\/li>\n<\/ul>\n<p>Wizualnym obrazem wsp\u00f3lnej pracy, podejmowanych zagadnie\u0144 , przedsi\u0119wzi\u0119\u0107 i projekt\u00f3w jest MISYJNY ZEGAR, kt\u00f3rego tarcza sk\u0142ada si\u0119 z 12 miesi\u0119cy. Zach\u0119camy, aby dzieci w ka\u017cdej grupie wykona\u0142y go wsp\u00f3lnie, wypracowuj\u0105c projekt wed\u0142ug w\u0142asnych pomys\u0142\u00f3w i korzystaj\u0105c z w\u0142asnych, rozlicznych talent\u00f3w.<\/p>\n<p>Misyjne Materia\u0142y Formacyjne dla Dzieci wzbogacone s\u0105 o zestaw pomocy aktywizacyjnych \u2013 karty pracy, plansze, filmy, zdj\u0119cia i pokazy multimedialne na do\u0142\u0105czonej do broszury p\u0142ycie CD<\/p>\n<table width=\"713\">\n<tbody>\n<tr>\n<td width=\"134\"><strong>MIESI\u0104C<\/strong><\/td>\n<td width=\"170\"><strong>TEMAT<\/strong><\/td>\n<td width=\"252\"><strong>MISJONARZ Z CHARAKTEREM\u2026<\/strong><\/td>\n<td width=\"252\"><strong>Do pobrania<\/strong><\/td>\n<\/tr>\n<tr>\n<td width=\"134\">WRZESIE\u0143<\/td>\n<td width=\"170\">Czas nauki<\/td>\n<td width=\"252\">Misjonarz z charakterem rozwija w sobie pilno\u015b\u0107<\/td>\n<td width=\"252\"><a href=\"http:\/\/www.dzieciom-misji.missio.org.pl\/images\/attachments\/MMF%20PDMD%2020172018%20Czas%20Misji_scenariusz%20WRZESIEN.pdf\">MMF_scenariusz PDMD_spotkanie_wrzesie\u0144<\/a><\/td>\n<\/tr>\n<tr>\n<td width=\"134\">PA\u0179DZIERNIK<\/td>\n<td width=\"170\">Czas modlitwy<\/td>\n<td width=\"252\">Misjonarz z charakterem rozwija w sobie mi\u0142o\u015b\u0107<\/td>\n<td width=\"252\"><a href=\"http:\/\/www.dzieciom-misji.missio.org.pl\/images\/attachments\/MF%202017%20Czas%20misji%20PAZDZIERNIK.pdf\">MMF_scenariusz PDMD_spotkanie_pazdziernik<\/a><\/td>\n<\/tr>\n<tr>\n<td width=\"134\">LISTOPAD<\/td>\n<td width=\"170\">Czas budzenia i rozwijania talent\u00f3w<\/td>\n<td width=\"252\">Misjonarz z charakterem rozwija w sobie konsekwencj\u0119 i wytrwa\u0142o\u015b\u0107<\/td>\n<td width=\"252\"><a href=\"http:\/\/www.dzieciom-misji.missio.org.pl\/images\/attachments\/MF%202017%20%20Czas%20misji%20LISTOPAD.pdf\">MMF 2017_scenariusz PDMD_spotkanie_listopad<\/a><\/td>\n<\/tr>\n<tr>\n<td width=\"134\">GRUDZIE\u0143<\/td>\n<td width=\"170\">Czas dla innych<\/td>\n<td width=\"252\">Misjonarz z charakterem rozwija w sobie trosk\u0119 o innych, jest pomocny<\/td>\n<td width=\"252\"><a href=\"http:\/\/www.dzieciom-misji.missio.org.pl\/images\/attachments\/MF%202017%20Czas%20misji%20GRUDZIEN.pdf\">MMF 2017_scenariusz PDMD_spotkanie_grudzien<\/a><\/td>\n<\/tr>\n<tr>\n<td width=\"134\">STYCZE\u0143<\/td>\n<td width=\"170\">Czas misji<\/td>\n<td width=\"252\">Misjonarz z charakterem rozwija w sobie odpowiedzialno\u015b\u0107<\/td>\n<td width=\"252\"><a href=\"http:\/\/www.dzieciom-misji.missio.org.pl\/images\/attachments\/MF%202017-18%20Czas%20misji%20STYCZEN.pdf\">MMF 2017_scenariusz PDMD_spotkanie_styczen 2018<\/a><\/td>\n<\/tr>\n<tr>\n<td width=\"134\">LUTY<\/td>\n<td width=\"170\">Dbaj o siebie<\/td>\n<td width=\"252\">Misjonarz z charakterem \u201epachnie\u201d Bogiem<\/td>\n<td width=\"252\"><a href=\"http:\/\/www.dzieciom-misji.missio.org.pl\/images\/attachments\/MF%202017-18%20Czas%20misji%20LUTY.pdf\">MMF 2017_scenariusz PDMD_spotkanie_luty 2018<\/a><\/td>\n<\/tr>\n<tr>\n<td width=\"134\">MARZEC<\/td>\n<td width=\"170\">Czas nawr\u00f3cenia<\/td>\n<td width=\"252\">Misjonarz z charakterem \u201ezdobywa\u201d mi\u0142osierne serce<\/td>\n<td width=\"252\"><\/td>\n<\/tr>\n<tr>\n<td width=\"134\">KWIECIE\u0143<\/td>\n<td width=\"170\">Czas dotkni\u0119cia nieba (Eucharystia)<\/td>\n<td width=\"252\">Misjonarz z charakterem zawsze dzi\u0119kuje<\/td>\n<td width=\"252\"><\/td>\n<\/tr>\n<tr>\n<td width=\"134\">MAJ<\/td>\n<td width=\"170\">Czas dla rodziny<\/td>\n<td width=\"252\">Misjonarz z charakterem rozwija w sobie ducha rodzinnego<\/td>\n<td width=\"252\"><\/td>\n<\/tr>\n<tr>\n<td width=\"134\">CZERWIEC<\/td>\n<td width=\"170\">Czas odpoczynku<\/td>\n<td width=\"252\">Misjonarz z charakterem rozwija w sobie umiej\u0119tno\u015b\u0107 m\u0105drego odpoczywania<\/td>\n<td width=\"252\"><\/td>\n<\/tr>\n<\/tbody>\n<\/table>\n","protected":false},"excerpt":{"rendered":"<p>Tegoroczny program Papieskiego Dzie\u0142a Misyjnego Dzieci w Polsce zatytu\u0142owany jest \u201eCzas misji\u201d. Przez dziesi\u0119\u0107 miesi\u0119cy b\u0119dziemy spogl\u0105da\u0107 na czas jako dar Bo\u017cy, b\u0142ogos\u0142awie\u0144stwo i wezwanie, ucz\u0105c si\u0119 m\u0105drze i z rado\u015bci\u0105 go wype\u0142nia\u0107, a tak\u017ce dostrzega\u0107 w nim sposobno\u015b\u0107 do dawania \u015bwiadectwa i g\u0142oszenia Ewangelii. Tegoroczny program Papieskiego Dzie\u0142a Misyjnego Dzieci w Polsce zatytu\u0142owany jest [&hellip;]<\/p>\n","protected":false},"author":1,"featured_media":0,"parent":3372,"menu_order":0,"comment_status":"closed","ping_status":"closed","template":"","meta":{"footnotes":""},"class_list":["post-3385","page","type-page","status-publish","hentry"],"_links":{"self":[{"href":"https:\/\/parafia-przyszowice.pl\/w\/wp-json\/wp\/v2\/pages\/3385","targetHints":{"allow":["GET"]}}],"collection":[{"href":"https:\/\/parafia-przyszowice.pl\/w\/wp-json\/wp\/v2\/pages"}],"about":[{"href":"https:\/\/parafia-przyszowice.pl\/w\/wp-json\/wp\/v2\/types\/page"}],"author":[{"embeddable":true,"href":"https:\/\/parafia-przyszowice.pl\/w\/wp-json\/wp\/v2\/users\/1"}],"replies":[{"embeddable":true,"href":"https:\/\/parafia-przyszowice.pl\/w\/wp-json\/wp\/v2\/comments?post=3385"}],"version-history":[{"count":4,"href":"https:\/\/parafia-przyszowice.pl\/w\/wp-json\/wp\/v2\/pages\/3385\/revisions"}],"predecessor-version":[{"id":3420,"href":"https:\/\/parafia-przyszowice.pl\/w\/wp-json\/wp\/v2\/pages\/3385\/revisions\/3420"}],"up":[{"embeddable":true,"href":"https:\/\/parafia-przyszowice.pl\/w\/wp-json\/wp\/v2\/pages\/3372"}],"wp:attachment":[{"href":"https:\/\/parafia-przyszowice.pl\/w\/wp-json\/wp\/v2\/media?parent=3385"}],"curies":[{"name":"wp","href":"https:\/\/api.w.org\/{rel}","templated":true}]}}