{"id":3380,"date":"2018-03-08T21:38:51","date_gmt":"2018-03-08T20:38:51","guid":{"rendered":"http:\/\/parafia-przyszowice.pl\/w\/?page_id=3380"},"modified":"2018-03-20T17:46:44","modified_gmt":"2018-03-20T16:46:44","slug":"zadania-w-ciagu-roku","status":"publish","type":"page","link":"https:\/\/parafia-przyszowice.pl\/w\/kolko-misyjne\/zadania-w-ciagu-roku\/","title":{"rendered":"Zadania w ci\u0105gu roku"},"content":{"rendered":"<p>Podejmowanie zada\u0144 apostolskich w parafii i udzia\u0142 w nabo\u017ce\u0144stwach wed\u0142ug roku liturgicznego<br \/>\n(pami\u0119taj\u0105c o misyjnych intencjach).<\/p>\n<ul>\n<li>Uczestnictwo w dniach formacji, spotkaniach i kongresach PDMD diecezjalnych i krajowych<\/li>\n<li>\u00a0Pomoc duchow\u0105: modlitw\u0119 za dzieci nieznaj\u0105ce Pana Jezusa i za misjonarzy, kt\u00f3rzy w dalekich krajach g\u0142osz\u0105 Dobr\u0105 Nowin\u0119 (np. R\u00f3\u017caniec Misyjny), a tak\u017ce sk\u0142adanie Bogu w intencji misji wyrzecze\u0144\n<ul>\n<li>i duchowych ofiar, takich jak: cierpienie, smutek.<\/li>\n<li>Pomoc materialn\u0105: dzieci, w miar\u0119 swych mo\u017cliwo\u015bci, wspomagaj\u0105 materialnie r\u00f3wie\u015bnik\u00f3w z kraj\u00f3w<br \/>\nmisyjnych, sk\u0142adaj\u0105c sw\u00f3j \u201egrosik\u201d, jako owoc w\u0142asnych wyrzecze\u0144, a tak\u017ce realizuj\u0105c<br \/>\nw\u0142asne pomys\u0142y, takie jak np: zbi\u00f3rka przybor\u00f3w szkolnych dla dzieci z Aleppo<\/li>\n<\/ul>\n<\/li>\n<\/ul>\n","protected":false},"excerpt":{"rendered":"<p>Podejmowanie zada\u0144 apostolskich w parafii i udzia\u0142 w nabo\u017ce\u0144stwach wed\u0142ug roku liturgicznego (pami\u0119taj\u0105c o misyjnych intencjach). Uczestnictwo w dniach formacji, spotkaniach i kongresach PDMD diecezjalnych i krajowych \u00a0Pomoc duchow\u0105: modlitw\u0119 za dzieci nieznaj\u0105ce Pana Jezusa i za misjonarzy, kt\u00f3rzy w dalekich krajach g\u0142osz\u0105 Dobr\u0105 Nowin\u0119 (np. R\u00f3\u017caniec Misyjny), a tak\u017ce sk\u0142adanie Bogu w intencji misji [&hellip;]<\/p>\n","protected":false},"author":1,"featured_media":0,"parent":3372,"menu_order":0,"comment_status":"closed","ping_status":"closed","template":"","meta":{"footnotes":""},"class_list":["post-3380","page","type-page","status-publish","hentry"],"_links":{"self":[{"href":"https:\/\/parafia-przyszowice.pl\/w\/wp-json\/wp\/v2\/pages\/3380","targetHints":{"allow":["GET"]}}],"collection":[{"href":"https:\/\/parafia-przyszowice.pl\/w\/wp-json\/wp\/v2\/pages"}],"about":[{"href":"https:\/\/parafia-przyszowice.pl\/w\/wp-json\/wp\/v2\/types\/page"}],"author":[{"embeddable":true,"href":"https:\/\/parafia-przyszowice.pl\/w\/wp-json\/wp\/v2\/users\/1"}],"replies":[{"embeddable":true,"href":"https:\/\/parafia-przyszowice.pl\/w\/wp-json\/wp\/v2\/comments?post=3380"}],"version-history":[{"count":2,"href":"https:\/\/parafia-przyszowice.pl\/w\/wp-json\/wp\/v2\/pages\/3380\/revisions"}],"predecessor-version":[{"id":3419,"href":"https:\/\/parafia-przyszowice.pl\/w\/wp-json\/wp\/v2\/pages\/3380\/revisions\/3419"}],"up":[{"embeddable":true,"href":"https:\/\/parafia-przyszowice.pl\/w\/wp-json\/wp\/v2\/pages\/3372"}],"wp:attachment":[{"href":"https:\/\/parafia-przyszowice.pl\/w\/wp-json\/wp\/v2\/media?parent=3380"}],"curies":[{"name":"wp","href":"https:\/\/api.w.org\/{rel}","templated":true}]}}