{"id":3372,"date":"2018-03-08T21:22:37","date_gmt":"2018-03-08T20:22:37","guid":{"rendered":"http:\/\/parafia-przyszowice.pl\/w\/?page_id=3372"},"modified":"2018-03-20T18:09:07","modified_gmt":"2018-03-20T17:09:07","slug":"kolko-misyjne","status":"publish","type":"page","link":"https:\/\/parafia-przyszowice.pl\/w\/kolko-misyjne\/","title":{"rendered":"K\u00f3\u0142ko misyjne"},"content":{"rendered":"<p>Od czterech lat dzia\u0142a w naszej Parafii w Przyszowicach K\u00d3\u0141KO MISYJNE , do kt\u00f3rego nale\u017c\u0105 dzieci ze Szko\u0142y Podstawowej .<\/p>\n<p>K\u00f3\u0142ko Misyjne za\u0142o\u017cy\u0142a \u00a0 i prowadzi w naszej Parafii od 01.10.2014 S.Adriana \u0141ebkowska ze Zgromadzenia Si\u00f3str \u015aw. Jadwigi . Dzieci maj\u0105 swoje spotkania regularnie w ka\u017cdy pi\u0105tek przed Msz\u0105 \u015aw szkoln\u0105 w okresie zimowym a w okresie letnim po ka\u017cdej Mszy szkolnej. Podczas tych spotka\u0144 nie tylko zdobywaj\u0105 wiadomo\u015bci o misjonarzach , krajach misyjnych , ludziach tam \u017cyj\u0105cych , ale tak\u017ce sami oraz przy wspania\u0142ej wsp\u00f3\u0142pracy rodzic\u00f3w proponuj\u0105 konkretne formy pomocy dzieciom w Afryce , Madagaskarze , Libii czy Syrii . Na spotkaniach cz\u0119sto dzieci otrzymuj\u0105 do przeczytania artyku\u0142y z czasopism o tematyce misyjnej , ucz\u0105 si\u0119 piosenek misyjnych , maj\u0105 do wykonania konkretne zadania MA\u0141EGO MISJONARZA we w\u0142asnym \u015brodowisku , ucz\u0105 si\u0119 empatii i troski o swoich bliskich oraz tych , kt\u00f3rzy oczekuj\u0105 pomocy .<\/p>\n<p>Nasze dzieci jak to przysta\u0142o na Ma\u0142ych Misjonarzy cz\u0119sto spotykaj\u0105 si\u0119 przy ognisku , wyje\u017cd\u017caj\u0105 na wycieczki g\u00f3rskie USTRO\u0143 i Czechy , do Sanktuari\u00f3w np.Cz\u0119stochowa , Krak\u00f3w &#8211; \u0141agiewniki , Katowice Panewniki \/adoracja przy \u017b\u0142\u00f3bku \/ do palmiarni i do kina &#8230;.<\/p>\n<p>&nbsp;<\/p>\n<blockquote class=\"wp-embedded-content\" data-secret=\"6ifhlMLNJq\"><p><a href=\"https:\/\/parafia-przyszowice.pl\/w\/kolko-misyjne\/czas-misji-program-formacyjny-pdmd-2017-18\/\">Czas misji &#8211; program formacyjny PDMD 2017\/18<\/a><\/p><\/blockquote>\n<p><iframe loading=\"lazy\" class=\"wp-embedded-content\" sandbox=\"allow-scripts\" security=\"restricted\" style=\"position: absolute; clip: rect(1px, 1px, 1px, 1px);\" title=\"&#8222;Czas misji &#8211; program formacyjny PDMD 2017\/18&#8221; &#8212; Parafia \u015bw. Jana Nepomucena w Przyszowicach\" src=\"https:\/\/parafia-przyszowice.pl\/w\/kolko-misyjne\/czas-misji-program-formacyjny-pdmd-2017-18\/embed\/#?secret=Uvn7vcpwL9#?secret=6ifhlMLNJq\" data-secret=\"6ifhlMLNJq\" width=\"600\" height=\"338\" frameborder=\"0\" marginwidth=\"0\" marginheight=\"0\" scrolling=\"no\"><\/iframe><\/p>\n<blockquote class=\"wp-embedded-content\" data-secret=\"3kX9NhOY7X\"><p><a href=\"https:\/\/parafia-przyszowice.pl\/w\/kolko-misyjne\/cele-i-zadania-kola-misyjnego\/\">Cele i zadania ko\u0142a misyjnego<\/a><\/p><\/blockquote>\n<p><iframe loading=\"lazy\" class=\"wp-embedded-content\" sandbox=\"allow-scripts\" security=\"restricted\" style=\"position: absolute; clip: rect(1px, 1px, 1px, 1px);\" title=\"&#8222;Cele i zadania ko\u0142a misyjnego&#8221; &#8212; Parafia \u015bw. Jana Nepomucena w Przyszowicach\" src=\"https:\/\/parafia-przyszowice.pl\/w\/kolko-misyjne\/cele-i-zadania-kola-misyjnego\/embed\/#?secret=Q8COf1XoIN#?secret=3kX9NhOY7X\" data-secret=\"3kX9NhOY7X\" width=\"600\" height=\"338\" frameborder=\"0\" marginwidth=\"0\" marginheight=\"0\" scrolling=\"no\"><\/iframe><\/p>\n<blockquote class=\"wp-embedded-content\" data-secret=\"HBAUHC2jMC\"><p><a href=\"https:\/\/parafia-przyszowice.pl\/w\/kolko-misyjne\/zadania-w-ciagu-roku\/\">Zadania w ci\u0105gu roku<\/a><\/p><\/blockquote>\n<p><iframe loading=\"lazy\" class=\"wp-embedded-content\" sandbox=\"allow-scripts\" security=\"restricted\" style=\"position: absolute; clip: rect(1px, 1px, 1px, 1px);\" title=\"&#8222;Zadania w ci\u0105gu roku&#8221; &#8212; Parafia \u015bw. Jana Nepomucena w Przyszowicach\" src=\"https:\/\/parafia-przyszowice.pl\/w\/kolko-misyjne\/zadania-w-ciagu-roku\/embed\/#?secret=bxsxz8E4Kk#?secret=HBAUHC2jMC\" data-secret=\"HBAUHC2jMC\" width=\"600\" height=\"338\" frameborder=\"0\" marginwidth=\"0\" marginheight=\"0\" scrolling=\"no\"><\/iframe><\/p>\n","protected":false},"excerpt":{"rendered":"<p>Od czterech lat dzia\u0142a w naszej Parafii w Przyszowicach K\u00d3\u0141KO MISYJNE , do kt\u00f3rego nale\u017c\u0105 dzieci ze Szko\u0142y Podstawowej . K\u00f3\u0142ko Misyjne za\u0142o\u017cy\u0142a \u00a0 i prowadzi w naszej Parafii od 01.10.2014 S.Adriana \u0141ebkowska ze Zgromadzenia Si\u00f3str \u015aw. Jadwigi . Dzieci maj\u0105 swoje spotkania regularnie w ka\u017cdy pi\u0105tek przed Msz\u0105 \u015aw szkoln\u0105 w okresie zimowym a [&hellip;]<\/p>\n","protected":false},"author":1,"featured_media":0,"parent":0,"menu_order":0,"comment_status":"closed","ping_status":"closed","template":"","meta":{"footnotes":""},"class_list":["post-3372","page","type-page","status-publish","hentry"],"_links":{"self":[{"href":"https:\/\/parafia-przyszowice.pl\/w\/wp-json\/wp\/v2\/pages\/3372","targetHints":{"allow":["GET"]}}],"collection":[{"href":"https:\/\/parafia-przyszowice.pl\/w\/wp-json\/wp\/v2\/pages"}],"about":[{"href":"https:\/\/parafia-przyszowice.pl\/w\/wp-json\/wp\/v2\/types\/page"}],"author":[{"embeddable":true,"href":"https:\/\/parafia-przyszowice.pl\/w\/wp-json\/wp\/v2\/users\/1"}],"replies":[{"embeddable":true,"href":"https:\/\/parafia-przyszowice.pl\/w\/wp-json\/wp\/v2\/comments?post=3372"}],"version-history":[{"count":10,"href":"https:\/\/parafia-przyszowice.pl\/w\/wp-json\/wp\/v2\/pages\/3372\/revisions"}],"predecessor-version":[{"id":3422,"href":"https:\/\/parafia-przyszowice.pl\/w\/wp-json\/wp\/v2\/pages\/3372\/revisions\/3422"}],"wp:attachment":[{"href":"https:\/\/parafia-przyszowice.pl\/w\/wp-json\/wp\/v2\/media?parent=3372"}],"curies":[{"name":"wp","href":"https:\/\/api.w.org\/{rel}","templated":true}]}}