{"id":3281,"date":"2018-02-18T20:27:28","date_gmt":"2018-02-18T19:27:28","guid":{"rendered":"http:\/\/parafia-przyszowice.pl\/w\/?page_id=3281"},"modified":"2018-02-18T20:28:49","modified_gmt":"2018-02-18T19:28:49","slug":"modlitwa-do-sw-jana-nepomucena","status":"publish","type":"page","link":"https:\/\/parafia-przyszowice.pl\/w\/modlitwa-do-sw-jana-nepomucena\/","title":{"rendered":"Modlitwa do \u015bwi\u0119tego Jana Nepomucena"},"content":{"rendered":"<p>Bo\u017ce!<\/p>\n<p>Kt\u00f3remu obrzydliwi s\u0105 obm\u00f3wcy i kt\u00f3ry\u015b napomina\u0142, \u017ceby si\u0119 nie \u0142\u0105czy\u0107 z nimi,<br \/>\nprosz\u0119 Ci\u0119 przez zas\u0142ugi \u015bwi\u0119tego Jana Nepomucena,<br \/>\nkt\u00f3ry wola\u0142 ponie\u015b\u0107 tortury i \u015bmier\u0107 m\u0119cze\u0144sk\u0105 ni\u017c wyjawi\u0107 sekret,<br \/>\nstrze\u017c mnie od jadu obmowy i wielom\u00f3wstwa, od z\u0142ego i przewrotnego towarzystwa,<br \/>\nwszelkiego k\u0142amstwa i zdrady, od \u015bwi\u0119tokradzkiej spowiedzi,<br \/>\nwszelkiej niezgody i k\u0142\u00f3tni, spraw, \u017ceby mowa moja zawsze by\u0142a skierowana<br \/>\ndo zbudowania bli\u017anich. Daj za Jego wstawiennictwem zwa\u017ca\u0107<br \/>\nna wypowiadane s\u0142owa i raczej wszelkie ponie\u015b\u0107 w tym \u017cyciu \u00a0przykro\u015bci,<br \/>\nani\u017celi duszy przez niewstrzemi\u0119\u017aliwo\u015b\u0107 w mowie przynie\u015b\u0107 szkod\u0119.<br \/>\nPrzez Pana naszego, Jezusa Chrystusa, kt\u00f3ry \u017cyje i kr\u00f3luje na wieki wiek\u00f3w.<br \/>\nAmen.<\/p>\n<p>\u015awi\u0119ty Janie Nepomucenie, m\u00f3dl si\u0119 za nami!<\/p>\n","protected":false},"excerpt":{"rendered":"<p>Bo\u017ce! Kt\u00f3remu obrzydliwi s\u0105 obm\u00f3wcy i kt\u00f3ry\u015b napomina\u0142, \u017ceby si\u0119 nie \u0142\u0105czy\u0107 z nimi, prosz\u0119 Ci\u0119 przez zas\u0142ugi \u015bwi\u0119tego Jana Nepomucena, kt\u00f3ry wola\u0142 ponie\u015b\u0107 tortury i \u015bmier\u0107 m\u0119cze\u0144sk\u0105 ni\u017c wyjawi\u0107 sekret, strze\u017c mnie od jadu obmowy i wielom\u00f3wstwa, od z\u0142ego i przewrotnego towarzystwa, wszelkiego k\u0142amstwa i zdrady, od \u015bwi\u0119tokradzkiej spowiedzi, wszelkiej niezgody i k\u0142\u00f3tni, spraw, [&hellip;]<\/p>\n","protected":false},"author":1,"featured_media":0,"parent":0,"menu_order":0,"comment_status":"closed","ping_status":"closed","template":"","meta":{"footnotes":""},"class_list":["post-3281","page","type-page","status-publish","hentry"],"_links":{"self":[{"href":"https:\/\/parafia-przyszowice.pl\/w\/wp-json\/wp\/v2\/pages\/3281","targetHints":{"allow":["GET"]}}],"collection":[{"href":"https:\/\/parafia-przyszowice.pl\/w\/wp-json\/wp\/v2\/pages"}],"about":[{"href":"https:\/\/parafia-przyszowice.pl\/w\/wp-json\/wp\/v2\/types\/page"}],"author":[{"embeddable":true,"href":"https:\/\/parafia-przyszowice.pl\/w\/wp-json\/wp\/v2\/users\/1"}],"replies":[{"embeddable":true,"href":"https:\/\/parafia-przyszowice.pl\/w\/wp-json\/wp\/v2\/comments?post=3281"}],"version-history":[{"count":2,"href":"https:\/\/parafia-przyszowice.pl\/w\/wp-json\/wp\/v2\/pages\/3281\/revisions"}],"predecessor-version":[{"id":3286,"href":"https:\/\/parafia-przyszowice.pl\/w\/wp-json\/wp\/v2\/pages\/3281\/revisions\/3286"}],"wp:attachment":[{"href":"https:\/\/parafia-przyszowice.pl\/w\/wp-json\/wp\/v2\/media?parent=3281"}],"curies":[{"name":"wp","href":"https:\/\/api.w.org\/{rel}","templated":true}]}}