{"id":3280,"date":"2018-02-18T20:27:24","date_gmt":"2018-02-18T19:27:24","guid":{"rendered":"http:\/\/parafia-przyszowice.pl\/w\/?page_id=3280"},"modified":"2018-02-18T20:28:39","modified_gmt":"2018-02-18T19:28:39","slug":"litania-do-swietego-jana-nepomucena","status":"publish","type":"page","link":"https:\/\/parafia-przyszowice.pl\/w\/litania-do-swietego-jana-nepomucena\/","title":{"rendered":"Litania do \u015bwi\u0119tego Jana Nepomucena"},"content":{"rendered":"<p><strong>Kyrie elejson, Chryste elejson, Kyrie elejson.<\/strong><br \/>\n<strong>Chryste us\u0142ysz nas, Chryste wys\u0142uchaj nas.<\/strong><br \/>\n<strong>Ojcze z nieba Bo\u017ce &#8211; zmi\u0142uj si\u0119 nad nami.<\/strong><br \/>\n<strong>Synu Odkupicielu \u015bwiata Bo\u017ce &#8211; zmi\u0142uj si\u0119 nad nami.<\/strong><br \/>\n<strong>Duchu \u015awi\u0119ty Bo\u017ce &#8211; zmi\u0142uj si\u0119 nad nami.<\/strong><br \/>\n<strong>\u015awi\u0119ta Tr\u00f3jco, Jedyny Bo\u017ce &#8211; zmi\u0142uj si\u0119 nad nami.<\/strong><\/p>\n<p>\u015awi\u0119ta Maryjo, <strong><em>m\u00f3dl si\u0119 za nami<\/em><\/strong><br \/>\n\u015awi\u0119ta Bo\u017ca Rodzicielko,<br \/>\n\u015awi\u0119ta Panno nad pannami,<br \/>\n\u015awi\u0119ty Janie, Nepomucenie,<br \/>\n\u015awi\u0119ty Janie, \u0142zami i pro\u015bbami rodzic\u00f3w w staro\u015bci od Naj\u015bwi\u0119tszej Panny wyproszony,<br \/>\n\u015awi\u0119ty Janie, niebiesk\u0105 \u015bwiat\u0142o\u015bci\u0105 przy narodzeniu Twoim uczczony,<br \/>\n\u015awi\u0119ty Janie, bogobojnych rodzic\u00f3w jedyna pociecho i wesele,<br \/>\n\u015awi\u0119ty Janie, gorliwy s\u0142ugo o\u0142tarza Pa\u0144skiego,<br \/>\n\u015awi\u0119ty Janie, m\u0119\u017ca apostolskiego wzorze,<br \/>\n\u015awi\u0119ty Janie, jasna pochodnio Ko\u015bcio\u0142a Pa\u0144skiego,<br \/>\n\u015awi\u0119ty Janie, czyste zwierciad\u0142o spowiednik\u00f3w,<br \/>\n\u015awi\u0119ty Janie, ja\u0142mu\u017cniku szczodrobliwy,<br \/>\n\u015awi\u0119ty Janie, jeszcze w kolebce Naj\u015bwi\u0119tszej Panny oblubie\u0144cze,<br \/>\n\u015awi\u0119ty Janie, krasom\u00f3wco naj\u015bwietniejszy,<br \/>\n\u015awi\u0119ty Janie, kaznodziejo naj\u017carliwszy,<br \/>\n\u015awi\u0119ty Janie, pilny pasterzu dusz Krwi\u0105 Jezusow\u0105 odkupionych,<br \/>\n\u015awi\u0119ty Janie, pobudko grzesznik\u00f3w do pokuty,<br \/>\n\u015awi\u0119ty Janie, prawdziwy wzorze \u015bwi\u0105tobliwo\u015bci,<br \/>\n\u015awi\u0119ty Janie, naczynie nie zmazanej pi\u0119kno\u015bci,<br \/>\n\u015awi\u0119ty Janie, duchem prorockim nape\u0142niony,<br \/>\n\u015awi\u0119ty Janie, sekretu Spowiedzi \u015bwi\u0119tej str\u00f3\u017cu nie prze\u0142amany,<br \/>\n\u015awi\u0119ty Janie, milczenia Sakramentalnego wi\u0119kszy ni\u017c \u017cycia w\u0142asnego mi\u0142o\u015bniku,<br \/>\n\u015awi\u0119ty Janie, stateczno\u015bci kap\u0142a\u0144skiej diamencie nie skruszony,<br \/>\n\u015awi\u0119ty Janie, niewinno\u015bci panie\u0144skiej u z\u0142o\u015bliwego \u015bwiata trwa\u0142y obro\u0144co,<br \/>\n\u015awi\u0119ty Janie, w niebezpiecze\u0144stwach s\u0142awy i honoru Opiekunie,<br \/>\n\u015awi\u0119ty Janie, nowy w cudach Boskich dozna\u0144 Patronie,<br \/>\n\u015awi\u0119ty Janie, w d\u0142oniach szlachetnych nieoszacowany klejnocie,<br \/>\n\u015awi\u0119ty Janie, nasz wielki Patronie,<br \/>\n\u015awi\u0119ty Janie, nasz mo\u017cny przyczy\u0144co u Boga.<\/p>\n<p><strong>B\u0105d\u017a nam mi\u0142o\u015bciw &#8211; przepu\u015b\u0107 nam, Panie.<\/strong><br \/>\n<strong>B\u0105d\u017a nam mi\u0142o\u015bciw &#8211; wys\u0142uchaj nas, Panie.<\/strong><\/p>\n<p>Od wszystkiego z\u0142ego, <strong><em>wybaw nas Panie<\/em><\/strong><br \/>\nOd grzechu ka\u017cdego,<br \/>\nOd wszelkiego zgorszenia,<br \/>\nOd wszelkiego z\u0142ego zrozumienia,<br \/>\nOd nies\u0142awy \u015bwiata,<br \/>\nOd \u015bmierci wiecznej,<br \/>\nOd \u015bwi\u0119tokradzkiej spowiedzi,<br \/>\nOd niebezpiecze\u0144stwa cia\u0142a i duszy,<br \/>\nOd ucisku sumienia,<br \/>\nOd odwlekania pokuty \u015bwi\u0119tej,<br \/>\nOd wszelkiego k\u0142amstwa i fa\u0142szu,<br \/>\nOd fa\u0142szywych braci i zdradliwych przyjaci\u00f3\u0142,<br \/>\nOd przewrotnego towarzystwa,<br \/>\nOd wyjawienia sekret\u00f3w,<br \/>\nOd zaniedbania powinno\u015bci,<br \/>\nPrzez zel\u017cywe na \u015bmier\u0107 krzy\u017cow\u0105 skazanie,<br \/>\nPrzez haniebne z \u0142otrami por\u00f3wnanie,<br \/>\nPrzez po\u015bmiewisko od faryzeusz\u00f3w zadane,<br \/>\nPrzez gorzk\u0105 \u015bmier\u0107 Twoj\u0105,<br \/>\nPrzez przyczyny i zas\u0142ugi \u015bwi\u0119tego Jana Nepomucena,<br \/>\nW dzie\u0144 s\u0105du Twego.<br \/>\nMy, grzeszni, Ciebie prosimy, <strong><em>wys\u0142uchaj nas Panie<\/em><\/strong><br \/>\nAby\u015b nas do prawdziwej pokuty przyprowadzi\u0107 raczy\u0142,<br \/>\nAby\u015b nam grzech\u00f3w odpuszczenie da\u0107 raczy\u0142,<br \/>\nAby\u015b cze\u015b\u0107 \u015bwi\u0119tego Jana Nepomucena pomna\u017ca\u0107 raczy\u0142,<br \/>\nAby\u015b przez pami\u0119\u0107 wszystkich jego zas\u0142ug nam \u0142atwe i \u0142askawe ucho da\u0107 raczy\u0142.<\/p>\n<p><strong>Baranku Bo\u017cy, kt\u00f3ry g\u0142adzisz grzechy \u015bwiata &#8211; przepu\u015b\u0107 nam, Panie<\/strong><br \/>\n<strong>Baranku Bo\u017cy, kt\u00f3ry g\u0142adzisz grzechy \u015bwiata &#8211; wys\u0142uchaj nas, Panie<\/strong><br \/>\n<strong>Baranku Bo\u017cy, kt\u00f3ry g\u0142adzisz grzechy \u015bwiata &#8211; zmi\u0142uj si\u0119 nad nami, Panie.<\/strong><\/p>\n<ol>\n<li>M\u00f3dl si\u0119 za nami, \u015bwi\u0119ty Janie Nepomucenie.<\/li>\n<li>Aby\u015bmy si\u0119 stali godnymi obietnic Chrystusowych.<\/li>\n<li>Panie, wys\u0142uchaj modlitwy nasze,<\/li>\n<li>A wo\u0142anie nasze niech do Ciebie przyjdzie.<\/li>\n<\/ol>\n<p><strong>M\u00f3dlmy si\u0119:<\/strong> Bo\u017ce, kt\u00f3ry\u015b przez \u015bmier\u0107 \u015bwi\u0119tego Jana, dla nieprzezwyci\u0119\u017conego milczenia sakramentalnego, Ko\u015bci\u00f3\u0142 Tw\u00f3j now\u0105 m\u0119cze\u0144stwa koron\u0105 przyozdobi\u0142, daj za jego przyczyn\u0105 i przyk\u0142adem przezorn\u0105 w j\u0119zyku ostro\u017cno\u015b\u0107, aby\u015bmy raczej wszystko z\u0142e, ni\u017ali uszkodzenie duszy na tym \u015bwiecie ponosili. Przez Chrystusa, Pana naszego. Amen.<\/p>\n","protected":false},"excerpt":{"rendered":"<p>Kyrie elejson, Chryste elejson, Kyrie elejson. Chryste us\u0142ysz nas, Chryste wys\u0142uchaj nas. Ojcze z nieba Bo\u017ce &#8211; zmi\u0142uj si\u0119 nad nami. Synu Odkupicielu \u015bwiata Bo\u017ce &#8211; zmi\u0142uj si\u0119 nad nami. Duchu \u015awi\u0119ty Bo\u017ce &#8211; zmi\u0142uj si\u0119 nad nami. \u015awi\u0119ta Tr\u00f3jco, Jedyny Bo\u017ce &#8211; zmi\u0142uj si\u0119 nad nami. \u015awi\u0119ta Maryjo, m\u00f3dl si\u0119 za nami \u015awi\u0119ta Bo\u017ca [&hellip;]<\/p>\n","protected":false},"author":1,"featured_media":0,"parent":0,"menu_order":0,"comment_status":"closed","ping_status":"closed","template":"","meta":{"footnotes":""},"class_list":["post-3280","page","type-page","status-publish","hentry"],"_links":{"self":[{"href":"https:\/\/parafia-przyszowice.pl\/w\/wp-json\/wp\/v2\/pages\/3280","targetHints":{"allow":["GET"]}}],"collection":[{"href":"https:\/\/parafia-przyszowice.pl\/w\/wp-json\/wp\/v2\/pages"}],"about":[{"href":"https:\/\/parafia-przyszowice.pl\/w\/wp-json\/wp\/v2\/types\/page"}],"author":[{"embeddable":true,"href":"https:\/\/parafia-przyszowice.pl\/w\/wp-json\/wp\/v2\/users\/1"}],"replies":[{"embeddable":true,"href":"https:\/\/parafia-przyszowice.pl\/w\/wp-json\/wp\/v2\/comments?post=3280"}],"version-history":[{"count":3,"href":"https:\/\/parafia-przyszowice.pl\/w\/wp-json\/wp\/v2\/pages\/3280\/revisions"}],"predecessor-version":[{"id":3285,"href":"https:\/\/parafia-przyszowice.pl\/w\/wp-json\/wp\/v2\/pages\/3280\/revisions\/3285"}],"wp:attachment":[{"href":"https:\/\/parafia-przyszowice.pl\/w\/wp-json\/wp\/v2\/media?parent=3280"}],"curies":[{"name":"wp","href":"https:\/\/api.w.org\/{rel}","templated":true}]}}