{"id":3212,"date":"2018-02-12T20:37:40","date_gmt":"2018-02-12T19:37:40","guid":{"rendered":"http:\/\/parafia-przyszowice.pl\/w\/?page_id=3212"},"modified":"2019-11-29T18:04:06","modified_gmt":"2019-11-29T17:04:06","slug":"kalendarz-adwentowy","status":"publish","type":"page","link":"https:\/\/parafia-przyszowice.pl\/w\/kalendarz-adwentowy\/","title":{"rendered":"Kalendarz Adwentowy Dla Ma\u0142\u017conk\u00f3w"},"content":{"rendered":"<p><iframe loading=\"lazy\" style=\"border: 0; margin: -67px 0 -105px -20px;\" src=\"http:\/\/parafia-przyszowice.pl\/kalendarz-adwentowy\/\" width=\"740px\" height=\"1600px\"><\/iframe><\/p>\n","protected":false},"excerpt":{"rendered":"","protected":false},"author":1,"featured_media":0,"parent":0,"menu_order":0,"comment_status":"closed","ping_status":"closed","template":"","meta":{"footnotes":""},"class_list":["post-3212","page","type-page","status-publish","hentry"],"_links":{"self":[{"href":"https:\/\/parafia-przyszowice.pl\/w\/wp-json\/wp\/v2\/pages\/3212","targetHints":{"allow":["GET"]}}],"collection":[{"href":"https:\/\/parafia-przyszowice.pl\/w\/wp-json\/wp\/v2\/pages"}],"about":[{"href":"https:\/\/parafia-przyszowice.pl\/w\/wp-json\/wp\/v2\/types\/page"}],"author":[{"embeddable":true,"href":"https:\/\/parafia-przyszowice.pl\/w\/wp-json\/wp\/v2\/users\/1"}],"replies":[{"embeddable":true,"href":"https:\/\/parafia-przyszowice.pl\/w\/wp-json\/wp\/v2\/comments?post=3212"}],"version-history":[{"count":14,"href":"https:\/\/parafia-przyszowice.pl\/w\/wp-json\/wp\/v2\/pages\/3212\/revisions"}],"predecessor-version":[{"id":3637,"href":"https:\/\/parafia-przyszowice.pl\/w\/wp-json\/wp\/v2\/pages\/3212\/revisions\/3637"}],"wp:attachment":[{"href":"https:\/\/parafia-przyszowice.pl\/w\/wp-json\/wp\/v2\/media?parent=3212"}],"curies":[{"name":"wp","href":"https:\/\/api.w.org\/{rel}","templated":true}]}}