{"id":151,"date":"2012-07-04T09:14:15","date_gmt":"2012-07-04T07:14:15","guid":{"rendered":"http:\/\/parafia-przyszowice.pl\/w\/?page_id=151"},"modified":"2013-02-09T21:48:23","modified_gmt":"2013-02-09T20:48:23","slug":"kalendarium-parafii-2","status":"publish","type":"page","link":"https:\/\/parafia-przyszowice.pl\/w\/kalendarium-parafii-2\/","title":{"rendered":"Kalendarium parafii"},"content":{"rendered":"<table width=\"643\" cellspacing=\"0\" cellpadding=\"2\">\n<colgroup>\n<col width=\"66\" \/>\n<col width=\"452\" \/>\n<col width=\"113\" \/> <\/colgroup>\n<tbody>\n<tr>\n<td bgcolor=\"#ffff99\" width=\"66\"><\/td>\n<td bgcolor=\"#ffff99\" width=\"452\">\n<span style=\"color: #ff0000;\"><span style=\"font-family: Calibri,sans-serif;\"><span style=\"font-size: small;\"><strong>Najazd Mongo\u0142\u00f3w 1241 &#8211; 1260<\/strong><\/span><\/span><\/span>\n<\/td>\n<td bgcolor=\"#ffff99\" width=\"113\"><\/td>\n<\/tr>\n<tr>\n<td width=\"66\">\n<span style=\"color: #000000;\"><span style=\"font-family: Calibri,sans-serif;\"><span style=\"font-size: small;\">1200 &#8211; 1280<\/span><\/span><\/span>\n<\/td>\n<td width=\"452\">\n<span style=\"color: #000000;\"><span style=\"font-family: Calibri,sans-serif;\"><span style=\"font-size: small;\">Tworzenie si\u0119 osady<\/span><\/span><\/span>\n<\/td>\n<td width=\"113\"><\/td>\n<\/tr>\n<tr>\n<td width=\"66\">\n<span style=\"color: #000000;\"><span style=\"font-family: Calibri,sans-serif;\"><span style=\"font-size: small;\">1260 &#8211; 1290<\/span><\/span><\/span>\n<\/td>\n<td width=\"452\">\n<span style=\"color: #008000;\"><span style=\"font-family: Calibri,sans-serif;\"><span style=\"font-size: small;\"><strong>Budowa pierwszego ko\u015bcio\u0142a<\/strong><\/span><\/span><\/span>\n<\/td>\n<td width=\"113\"><\/td>\n<\/tr>\n<tr>\n<td width=\"66\">\n<span style=\"color: #000000;\"><span style=\"font-family: Calibri,sans-serif;\"><span style=\"font-size: small;\">1295 &#8211; 1305<\/span><\/span><\/span>\n<\/td>\n<td width=\"452\">\n<span style=\"font-family: Calibri,sans-serif;\"><span style=\"font-size: small;\"><span style=\"color: #000000;\">Powstaje ksi\u0119ga <\/span><span style=\"color: #000000;\">\u201e<\/span><span style=\"color: #000000;\"><em>Liber fundationis episcopatus Vratislaviensis\u201d<\/em><\/span><span style=\"color: #000000;\">gdzie istnieje pierwsza wzmianka o Przyszowicach.<\/span><\/span><\/span>\n<\/td>\n<td width=\"113\"><\/td>\n<\/tr>\n<tr>\n<td width=\"66\">\n<span style=\"color: #000000;\"><span style=\"font-family: Calibri,sans-serif;\"><span style=\"font-size: small;\">1342<\/span><\/span><\/span>\n<\/td>\n<td width=\"452\">\n<span style=\"color: #000000;\"><span style=\"font-family: Calibri,sans-serif;\"><span style=\"font-size: small;\">W Przyszowicach mieszka oko\u0142o 40 rodzin ch\u0142opskich i istnieje ko\u015bci\u00f3\u0142 parafialny \u2013 mieszka\u0144cy p\u0142ac\u0105 \u201e\u015bwi\u0119topietrze\u201d.<\/span><\/span><\/span>\n<\/td>\n<td width=\"113\"><\/td>\n<\/tr>\n<tr>\n<td bgcolor=\"#ffff99\" width=\"66\"><\/td>\n<td bgcolor=\"#ffff99\" width=\"452\">\n<span style=\"color: #ff0000;\"><span style=\"font-family: Calibri,sans-serif;\"><span style=\"font-size: small;\"><strong>Najazd Husyt\u00f3w 1419 \u2013 1436.<\/strong><\/span><\/span><\/span>\n<\/td>\n<td bgcolor=\"#ffff99\" width=\"113\"><\/td>\n<\/tr>\n<tr>\n<td width=\"66\">\n<span style=\"color: #000000;\"><span style=\"font-family: Calibri,sans-serif;\"><span style=\"font-size: small;\">1350<\/span><\/span><\/span>\n<\/td>\n<td width=\"452\">\n<span style=\"color: #000000;\"><span style=\"font-family: Calibri,sans-serif;\"><span style=\"font-size: small;\">Po spaleniu ko\u015bcio\u0142a parafialnego przez Husyt\u00f3w budowany jest ko\u015bci\u00f3\u0142ek p.w. \u015bw. Krzy\u017ca (hipoteza).<\/span><\/span><\/span>\n<\/td>\n<td width=\"113\"><\/td>\n<\/tr>\n<tr>\n<td width=\"66\">\n<span style=\"color: #000000;\"><span style=\"font-family: Calibri,sans-serif;\"><span style=\"font-size: small;\">1500<\/span><\/span><\/span>\n<\/td>\n<td width=\"452\">\n<span style=\"color: #008000;\"><span style=\"font-family: Calibri,sans-serif;\"><span style=\"font-size: small;\"><strong>Budowa murowanego ko\u015bcio\u0142a przez rodzin\u0119 Przyszowskich<\/strong><\/span><\/span><\/span>\n<\/td>\n<td width=\"113\">\n<span style=\"color: #000000;\"><span style=\"font-family: Calibri,sans-serif;\"><span style=\"font-size: small;\">ks. Melchior Przyszowski<\/span><\/span><\/span><br \/>\n<span style=\"color: #000000;\"><span style=\"font-family: Calibri,sans-serif;\"><span style=\"font-size: small;\">(? &#8211; 1551)<\/span><\/span><\/span>\n<\/td>\n<\/tr>\n<tr>\n<td width=\"66\">\n<span style=\"color: #000000;\"><span style=\"font-family: Calibri,sans-serif;\"><span style=\"font-size: small;\">1524<\/span><\/span><\/span>\n<\/td>\n<td width=\"452\">\n<span style=\"color: #000000;\"><span style=\"font-family: Calibri,sans-serif;\"><span style=\"font-size: small;\">Melchior Przyszowski &#8211; pierwszy odnotowany proboszcz Przyszowic<\/span><\/span><\/span>\n<\/td>\n<td width=\"113\"><\/td>\n<\/tr>\n<tr>\n<td width=\"66\">\n<span style=\"color: #000000;\"><span style=\"font-family: Calibri,sans-serif;\"><span style=\"font-size: small;\">1537<\/span><\/span><\/span>\n<\/td>\n<td width=\"452\">\n<span style=\"color: #000000;\"><span style=\"font-family: Calibri,sans-serif;\"><span style=\"font-size: small;\">Giera\u0142towscy, jako protestanci buduj\u0105 ko\u015bci\u00f3\u0142 p.w. \u015bw. Krzy\u017ca, (hipoteza)<\/span><\/span><\/span>\n<\/td>\n<td width=\"113\"><\/td>\n<\/tr>\n<tr>\n<td width=\"66\">\n<span style=\"color: #000000;\"><span style=\"font-family: Calibri,sans-serif;\"><span style=\"font-size: small;\">1570<\/span><\/span><\/span>\n<\/td>\n<td width=\"452\">\n<span style=\"color: #000000;\"><span style=\"font-family: Calibri,sans-serif;\"><span style=\"font-size: small;\">rodzina Przyszowskich funduje kielich mszalny i dzwony<\/span><\/span><\/span>\n<\/td>\n<td width=\"113\"><\/td>\n<\/tr>\n<tr>\n<td width=\"66\">\n<span style=\"color: #000000;\"><span style=\"font-family: Calibri,sans-serif;\"><span style=\"font-size: small;\">1621<\/span><\/span><\/span>\n<\/td>\n<td width=\"452\">\n<span style=\"color: #000000;\"><span style=\"font-family: Calibri,sans-serif;\"><span style=\"font-size: small;\">testament \u2013 Piotra Przyszowskiego  &#8211; chce by\u0107 pochowany w wybudowanej przez siebie kaplicy przy ko\u015bciele parafialnym. Jednak\u017ce zostaje pochowany w Gliwicach<\/span><\/span><\/span>\n<\/td>\n<td width=\"113\">\n<span style=\"color: #000000;\"><span style=\"font-family: Calibri,sans-serif;\"><span style=\"font-size: small;\">1624 &#8211; 1644<\/span><\/span><\/span><br \/>\n<span style=\"color: #000000;\"><span style=\"font-family: Calibri,sans-serif;\"><span style=\"font-size: small;\">ks. Bart\u0142omiej Bagi\u0144ski<\/span><\/span><\/span>\n<\/td>\n<\/tr>\n<tr>\n<td width=\"66\">\n<span style=\"color: #000000;\"><span style=\"font-family: Calibri,sans-serif;\"><span style=\"font-size: small;\">1638<\/span><\/span><\/span>\n<\/td>\n<td width=\"452\">\n<span style=\"color: #000000;\"><span style=\"font-family: Calibri,sans-serif;\"><span style=\"font-size: small;\">zakopanie dzwon\u00f3w<\/span><\/span><\/span>\n<\/td>\n<td width=\"113\"><\/td>\n<\/tr>\n<tr>\n<td bgcolor=\"#ffff99\" width=\"66\"><\/td>\n<td bgcolor=\"#ffff99\" width=\"452\">\n<span style=\"color: #ff0000;\"><span style=\"font-family: Calibri,sans-serif;\"><span style=\"font-size: small;\"><strong>Wojna trzydziestoletnia  1618 &#8211; 1648.<br \/>\n(1626 r. na G\u00f3rny \u015al\u0105sk wkraczaj\u0105 wojska<br \/>\nErnesta Mansfelda)<\/strong><\/span><\/span><\/span>\n<\/td>\n<td bgcolor=\"#ffff99\" width=\"113\">\n<span style=\"color: #000000;\"><span style=\"font-family: Calibri,sans-serif;\"><span style=\"font-size: small;\">1624 &#8211; 1644<\/span><\/span><\/span><br \/>\n<span style=\"color: #000000;\"><span style=\"font-family: Calibri,sans-serif;\"><span style=\"font-size: small;\">ks. Bart\u0142omiej Bagi\u0144ski<\/span><\/span><\/span>\n<\/td>\n<\/tr>\n<tr>\n<td width=\"66\">\n<span style=\"color: #000000;\"><span style=\"font-family: Calibri,sans-serif;\"><span style=\"font-size: small;\">1641 &#8211; 1640<\/span><\/span><\/span>\n<\/td>\n<td width=\"452\">\n<span style=\"color: #ff0000;\"><span style=\"font-family: Calibri,sans-serif;\"><span style=\"font-size: small;\">dewastacja murowanego ko\u015bcio\u0142a parafialnego, pozostaje murowana zakrystia i kaplica<\/span><\/span><\/span>\n<\/td>\n<td width=\"113\">\n<span style=\"color: #000000;\"><span style=\"font-family: Calibri,sans-serif;\"><span style=\"font-size: small;\">1647 &#8211; 1651<\/span><\/span><\/span><br \/>\n<span style=\"color: #000000;\"><span style=\"font-family: Calibri,sans-serif;\"><span style=\"font-size: small;\">ks. Grzegorz Mikulski<\/span><\/span><\/span>\n<\/td>\n<\/tr>\n<tr>\n<td width=\"66\">\n<span style=\"color: #000000;\"><span style=\"font-family: Calibri,sans-serif;\"><span style=\"font-size: small;\">1656<\/span><\/span><\/span>\n<\/td>\n<td width=\"452\">\n<span style=\"color: #000000;\"><span style=\"font-family: Calibri,sans-serif;\"><span style=\"font-size: small;\">testament Joachima Przyszowskiego &#8211; chce by\u0107 pochowany w kaplicy; przeznacza 50 talar\u00f3w na remont ko\u015bci\u00f3\u0142ka,<\/span><\/span><\/span>\n<\/td>\n<td width=\"113\">\n<span style=\"color: #000000;\"><span style=\"font-family: Calibri,sans-serif;\"><span style=\"font-size: small;\">1651 &#8211; 1660<\/span><\/span><\/span><br \/>\n<span style=\"color: #000000;\"><span style=\"font-family: Calibri,sans-serif;\"><span style=\"font-size: small;\">ks. Marcin Giecka<\/span><\/span><\/span>\n<\/td>\n<\/tr>\n<tr>\n<td width=\"66\">\n<span style=\"color: #000000;\"><span style=\"font-family: Calibri,sans-serif;\"><span style=\"font-size: small;\">1698<\/span><\/span><\/span>\n<\/td>\n<td width=\"452\">\n<span style=\"color: #000000;\"><span style=\"font-family: Calibri,sans-serif;\"><span style=\"font-size: small;\">w\u0142a\u015bcicielem Przyszowic zostaje Stanis\u0142aw Paczy\u0144ski<\/span><\/span><\/span>\n<\/td>\n<td width=\"113\"><\/td>\n<\/tr>\n<tr>\n<td width=\"66\">\n<span style=\"color: #000000;\"><span style=\"font-family: Calibri,sans-serif;\"><span style=\"font-size: small;\">1676  &#8211; 1679<\/span><\/span><\/span>\n<\/td>\n<td width=\"452\">\n<span style=\"color: #008000;\"><span style=\"font-family: Calibri,sans-serif;\"><span style=\"font-size: small;\"><strong>budowa drewnianego ko\u015bcio\u0142a  przez ma\u0142\u017ce\u0144stwo Marii Przyszowskiej i Stanis\u0142awa Paczy\u0144skiego oraz w\u0142a\u015bciciela Makosz\u00f3w Gabriela Kwiatkowskiego<\/strong><\/span><\/span><\/span>\n<\/td>\n<td width=\"113\">\n<span style=\"color: #000000;\"><span style=\"font-family: Calibri,sans-serif;\"><span style=\"font-size: small;\">1676 &#8211; 1713<\/span><\/span><\/span><br \/>\n<span style=\"color: #000000;\"><span style=\"font-family: Calibri,sans-serif;\"><span style=\"font-size: small;\">ks. Grzegorz Pendzich<\/span><\/span><\/span>\n<\/td>\n<\/tr>\n<tr>\n<td width=\"66\">\n<span style=\"color: #000000;\"><span style=\"font-family: Calibri,sans-serif;\"><span style=\"font-size: small;\">1679<\/span><\/span><\/span>\n<\/td>\n<td width=\"452\">\n<span style=\"color: #993366;\"><span style=\"font-family: Calibri,sans-serif;\"><span style=\"font-size: small;\">wizytacja biskupia &#8211; ju\u017c w ko\u015bciele \u015bw. Miko\u0142aja<\/span><\/span><\/span>\n<\/td>\n<td width=\"113\"><\/td>\n<\/tr>\n<tr>\n<td width=\"66\">\n<span style=\"color: #000000;\"><span style=\"font-family: Calibri,sans-serif;\"><span style=\"font-size: small;\">1680<\/span><\/span><\/span>\n<\/td>\n<td width=\"452\">\n<span style=\"color: #000000;\"><span style=\"font-family: Calibri,sans-serif;\"><span style=\"font-size: small;\">odnalezienie dzwon\u00f3w<\/span><\/span><\/span>\n<\/td>\n<td width=\"113\"><\/td>\n<\/tr>\n<tr>\n<td width=\"66\">\n<span style=\"color: #000000;\"><span style=\"font-family: Calibri,sans-serif;\"><span style=\"font-size: small;\">1687<\/span><\/span><\/span>\n<\/td>\n<td width=\"452\">\n<span style=\"color: #993366;\"><span style=\"font-family: Calibri,sans-serif;\"><span style=\"font-size: small;\">wizytacja biskupia<\/span><\/span><\/span>\n<\/td>\n<td width=\"113\"><\/td>\n<\/tr>\n<tr>\n<td width=\"66\">\n<span style=\"color: #000000;\"><span style=\"font-family: Calibri,sans-serif;\"><span style=\"font-size: small;\">1687<\/span><\/span><\/span>\n<\/td>\n<td width=\"452\">\n<span style=\"color: #ff0000;\"><span style=\"font-family: Calibri,sans-serif;\"><span style=\"font-size: small;\">po\u017car trawi ca\u0142\u0105 far\u0105 razem z wszystkimi dokumentami<\/span><\/span><\/span>\n<\/td>\n<td width=\"113\"><\/td>\n<\/tr>\n<tr>\n<td width=\"66\">\n<span style=\"color: #000000;\"><span style=\"font-family: Calibri,sans-serif;\"><span style=\"font-size: small;\">1719<\/span><\/span><\/span>\n<\/td>\n<td width=\"452\">\n<span style=\"color: #993366;\"><span style=\"font-family: Calibri,sans-serif;\"><span style=\"font-size: small;\">wizytacja biskupia (mowa o kaplicy i zakrystii)<\/span><\/span><\/span>\n<\/td>\n<td width=\"113\">\n<span style=\"color: #000000;\"><span style=\"font-family: Calibri,sans-serif;\"><span style=\"font-size: small;\">1713 &#8211; 1736<\/span><\/span><\/span><br \/>\n<span style=\"color: #000000;\"><span style=\"font-family: Calibri,sans-serif;\"><span style=\"font-size: small;\">ks.  Antoni Chudek<\/span><\/span><\/span>\n<\/td>\n<\/tr>\n<tr>\n<td width=\"66\">\n<span style=\"color: #000000;\"><span style=\"font-family: Calibri,sans-serif;\"><span style=\"font-size: small;\">1728<\/span><\/span><\/span>\n<\/td>\n<td width=\"452\">\n<span style=\"color: #000000;\"><span style=\"font-family: Calibri,sans-serif;\"><span style=\"font-size: small;\">utracona ziemia organisty<\/span><\/span><\/span>\n<\/td>\n<td width=\"113\"><\/td>\n<\/tr>\n<tr>\n<td bgcolor=\"#ffff99\" width=\"66\"><\/td>\n<td bgcolor=\"#ffff99\" width=\"452\">\n<span style=\"color: #ff0000;\"><span style=\"font-family: Calibri,sans-serif;\"><span style=\"font-size: small;\"><strong>Wojny \u015bl\u0105skie 1740 &#8211; 1763<\/strong><\/span><\/span><\/span>\n<\/td>\n<td bgcolor=\"#ffff99\" width=\"113\">\n<span style=\"color: #000000;\"><span style=\"font-family: Calibri,sans-serif;\"><span style=\"font-size: small;\">1741 &#8211; 1774<\/span><\/span><\/span><br \/>\n<span style=\"color: #000000;\"><span style=\"font-family: Calibri,sans-serif;\"><span style=\"font-size: small;\">ks. Bernard Bro\u017cek<\/span><\/span><\/span>\n<\/td>\n<\/tr>\n<tr>\n<td width=\"66\">\n<span style=\"color: #000000;\"><span style=\"font-family: Calibri,sans-serif;\"><span style=\"font-size: small;\">1803<\/span><\/span><\/span>\n<\/td>\n<td width=\"452\">\n<span style=\"color: #000000;\"><span style=\"font-family: Calibri,sans-serif;\"><span style=\"font-size: small;\">Przyszowice kupuje Franciszek Gally<\/span><\/span><\/span>\n<\/td>\n<td width=\"113\">\n<span style=\"color: #000000;\"><span style=\"font-family: Calibri,sans-serif;\"><span style=\"font-size: small;\">1774 &#8211; 1813<\/span><\/span><\/span><br \/>\n<span style=\"color: #000000;\"><span style=\"font-family: Calibri,sans-serif;\"><span style=\"font-size: small;\">ks. Melchior Opolski<\/span><\/span><\/span>\n<\/td>\n<\/tr>\n<tr>\n<td width=\"66\">\n<span style=\"color: #000000;\"><span style=\"font-family: Calibri,sans-serif;\"><span style=\"font-size: small;\">1815<\/span><\/span><\/span>\n<\/td>\n<td width=\"452\">\n<span style=\"color: #000000;\"><span style=\"font-family: Calibri,sans-serif;\"><span style=\"font-size: small;\">W\u0142a\u015bcicielk\u0105 Przyszowic zostaje Katarzyna Galli, \u017cona Carla von Raczeck<\/span><\/span><\/span>\n<\/td>\n<td width=\"113\"><\/td>\n<\/tr>\n<tr>\n<td bgcolor=\"#ffff99\" width=\"66\"><\/td>\n<td bgcolor=\"#ffff99\" width=\"452\">\n<span style=\"color: #ff0000;\"><span style=\"font-family: Calibri,sans-serif;\"><span style=\"font-size: small;\"><strong>Wojna prusko &#8211; francuska 1870 &#8211; 1871<\/strong><\/span><\/span><\/span>\n<\/td>\n<td bgcolor=\"#ffff99\" width=\"113\">\n<span style=\"color: #000000;\"><span style=\"font-family: Calibri,sans-serif;\"><span style=\"font-size: small;\">1862 &#8211; 1890<\/span><\/span><\/span><br \/>\n<span style=\"color: #000000;\"><span style=\"font-family: Calibri,sans-serif;\"><span style=\"font-size: small;\">ks. Edward Frank<\/span><\/span><\/span>\n<\/td>\n<\/tr>\n<tr>\n<td width=\"66\">\n<span style=\"color: #000000;\"><span style=\"font-family: Calibri,sans-serif;\"><span style=\"font-size: small;\">1905<\/span><\/span><\/span>\n<\/td>\n<td width=\"452\">\n<span style=\"color: #000000;\"><span style=\"font-family: Calibri,sans-serif;\"><span style=\"font-size: small;\">Przebudowa ko\u015bcio\u0142a p.w. \u015aw. Miko\u0142aja<\/span><\/span><\/span>\n<\/td>\n<td width=\"113\">\n<span style=\"color: #000000;\"><span style=\"font-family: Calibri,sans-serif;\"><span style=\"font-size: small;\">1891 &#8211; 1918<\/span><\/span><\/span><br \/>\n<span style=\"color: #000000;\"><span style=\"font-family: Calibri,sans-serif;\"><span style=\"font-size: small;\">ks. Augustyn Krakowski<\/span><\/span><\/span>\n<\/td>\n<\/tr>\n<tr>\n<td width=\"66\"><\/td>\n<td width=\"452\">\n<span style=\"color: #ff0000;\"><span style=\"font-family: Calibri,sans-serif;\"><span style=\"font-size: small;\"><strong>I wojna \u015bwiatowa 1914 &#8211; 1919<\/strong><\/span><\/span><\/span>\n<\/td>\n<td width=\"113\"><\/td>\n<\/tr>\n<tr>\n<td width=\"66\"><\/td>\n<td width=\"452\">\n<span style=\"color: #ff0000;\"><span style=\"font-family: Calibri,sans-serif;\"><span style=\"font-size: small;\"><strong>Powstania \u015al\u0105skie 1919 &#8211; 1921<\/strong><\/span><\/span><\/span>\n<\/td>\n<td width=\"113\">\n<span style=\"color: #000000;\"><span style=\"font-family: Calibri,sans-serif;\"><span style=\"font-size: small;\">1918 \u2013 1922<\/span><\/span><\/span><br \/>\n<span style=\"color: #000000;\"><span style=\"font-family: Calibri,sans-serif;\"><span style=\"font-size: small;\">Ks. Franciszek Dzier\u017co\u0144<\/span><\/span><\/span>\n<\/td>\n<\/tr>\n<tr>\n<td width=\"66\">\n<span style=\"color: #000000;\"><span style=\"font-family: Calibri,sans-serif;\"><span style=\"font-size: small;\">1937<\/span><\/span><\/span>\n<\/td>\n<td width=\"452\">\n<span style=\"color: #000000;\"><span style=\"font-family: Calibri,sans-serif;\"><span style=\"font-size: small;\">przeniesienie drewnianego ko\u015bcio\u0142a<br \/>\np.w. \u015bw. Miko\u0142aja do Borowej Wsi<\/span><\/span><\/span>\n<\/td>\n<td width=\"113\">\n<span style=\"color: #000000;\"><span style=\"font-family: Calibri,sans-serif;\"><span style=\"font-size: small;\">1922 &#8211; 1941<\/span><\/span><\/span><br \/>\n<span style=\"color: #000000;\"><span style=\"font-family: Calibri,sans-serif;\"><span style=\"font-size: small;\">ks. Franciszek Pogrzeba<\/span><\/span><\/span>\n<\/td>\n<\/tr>\n<tr>\n<td width=\"66\">\n<span style=\"color: #000000;\"><span style=\"font-family: Calibri,sans-serif;\"><span style=\"font-size: small;\">1938<\/span><\/span><\/span>\n<\/td>\n<td width=\"452\">\n<span style=\"color: #008000;\"><span style=\"font-family: Calibri,sans-serif;\"><span style=\"font-size: small;\"><strong>Budowa ko\u015bcio\u0142a p.w. \u015bw. Jana Nepomucena<\/strong><\/span><\/span><\/span>\n<\/td>\n<td width=\"113\"><\/td>\n<\/tr>\n<tr>\n<td width=\"66\"><\/td>\n<td width=\"452\">\n<span style=\"color: #ff0000;\"><span style=\"font-family: Calibri,sans-serif;\"><span style=\"font-size: small;\"><strong>II wojna \u015bwiatowa  1939 &#8211; 1945<\/strong><\/span><\/span><\/span>\n<\/td>\n<td width=\"113\"><\/td>\n<\/tr>\n<tr>\n<td width=\"66\">\n<span style=\"color: #000000;\"><span style=\"font-family: Calibri,sans-serif;\"><span style=\"font-size: small;\">1945<\/span><\/span><\/span>\n<\/td>\n<td width=\"452\">\n<span style=\"color: #ff0000;\"><span style=\"font-family: Calibri,sans-serif;\"><span style=\"font-size: small;\">P\u0142onie stara szko\u0142a (organist\u00f3wka) i zabudowania probostwa, pa\u0142ac s. jadwi\u017canek<\/span><\/span><\/span>\n<\/td>\n<td width=\"113\">\n<span style=\"color: #000000;\"><span style=\"font-family: Calibri,sans-serif;\"><span style=\"font-size: small;\">1941 &#8211; 1978<\/span><\/span><\/span><br \/>\n<span style=\"color: #000000;\"><span style=\"font-family: Calibri,sans-serif;\"><span style=\"font-size: small;\">ks. Kazimierz Grajewski<\/span><\/span><\/span>\n<\/td>\n<\/tr>\n<tr>\n<td width=\"66\">\n<span style=\"color: #000000;\"><span style=\"font-family: Calibri,sans-serif;\"><span style=\"font-size: small;\">1957<\/span><\/span><\/span>\n<\/td>\n<td width=\"452\">\n<span style=\"color: #000000;\"><span style=\"font-family: Calibri,sans-serif;\"><span style=\"font-size: small;\">przeniesienie ko\u015bci\u00f3ka p.w. \u015bw. Krzy\u017ca na Kubalonk\u0119<\/span><\/span><\/span>\n<\/td>\n<td width=\"113\"><\/td>\n<\/tr>\n<\/tbody>\n<\/table>\n<p>&nbsp;<\/p>\n","protected":false},"excerpt":{"rendered":"<p>Najazd Mongo\u0142\u00f3w 1241 &#8211; 1260 1200 &#8211; 1280 Tworzenie si\u0119 osady 1260 &#8211; 1290 Budowa pierwszego ko\u015bcio\u0142a 1295 &#8211; 1305 Powstaje ksi\u0119ga \u201eLiber fundationis episcopatus Vratislaviensis\u201dgdzie istnieje pierwsza wzmianka o Przyszowicach. 1342 W Przyszowicach mieszka oko\u0142o 40 rodzin ch\u0142opskich i istnieje ko\u015bci\u00f3\u0142 parafialny \u2013 mieszka\u0144cy p\u0142ac\u0105 \u201e\u015bwi\u0119topietrze\u201d. Najazd Husyt\u00f3w 1419 \u2013 1436. 1350 Po spaleniu [&hellip;]<\/p>\n","protected":false},"author":1,"featured_media":0,"parent":0,"menu_order":0,"comment_status":"open","ping_status":"open","template":"","meta":{"footnotes":""},"class_list":["post-151","page","type-page","status-publish","hentry"],"_links":{"self":[{"href":"https:\/\/parafia-przyszowice.pl\/w\/wp-json\/wp\/v2\/pages\/151","targetHints":{"allow":["GET"]}}],"collection":[{"href":"https:\/\/parafia-przyszowice.pl\/w\/wp-json\/wp\/v2\/pages"}],"about":[{"href":"https:\/\/parafia-przyszowice.pl\/w\/wp-json\/wp\/v2\/types\/page"}],"author":[{"embeddable":true,"href":"https:\/\/parafia-przyszowice.pl\/w\/wp-json\/wp\/v2\/users\/1"}],"replies":[{"embeddable":true,"href":"https:\/\/parafia-przyszowice.pl\/w\/wp-json\/wp\/v2\/comments?post=151"}],"version-history":[{"count":4,"href":"https:\/\/parafia-przyszowice.pl\/w\/wp-json\/wp\/v2\/pages\/151\/revisions"}],"predecessor-version":[{"id":1064,"href":"https:\/\/parafia-przyszowice.pl\/w\/wp-json\/wp\/v2\/pages\/151\/revisions\/1064"}],"wp:attachment":[{"href":"https:\/\/parafia-przyszowice.pl\/w\/wp-json\/wp\/v2\/media?parent=151"}],"curies":[{"name":"wp","href":"https:\/\/api.w.org\/{rel}","templated":true}]}}