{"id":142,"date":"2012-07-04T09:11:09","date_gmt":"2012-07-04T07:11:09","guid":{"rendered":"http:\/\/parafia-przyszowice.pl\/w\/?page_id=142"},"modified":"2019-02-17T20:32:41","modified_gmt":"2019-02-17T19:32:41","slug":"patron-parafii-2","status":"publish","type":"page","link":"https:\/\/parafia-przyszowice.pl\/w\/patron-parafii-2\/","title":{"rendered":"Patron Parafii"},"content":{"rendered":"<p align=\"LEFT\"><span style=\"font-family: Calibri,sans-serif;\"><span style=\"font-size: medium;\"><span style=\"color: #cc0000;\">\u015aw. JAN NEPOMUCEN, prezbiter i m\u0119czennik<\/span><\/span><\/span><\/p>\n<p><span style=\"color: #444444;\"><span style=\"font-family: Calibri,sans-serif;\"><span style=\"font-size: medium;\"><img loading=\"lazy\" decoding=\"async\" class=\"size-medium wp-image-3470 alignleft\" src=\"https:\/\/parafia-przyszowice.pl\/w\/wp-content\/uploads\/2018\/07\/Przechwytywanie-115x300.png\" alt=\"\" width=\"115\" height=\"300\" srcset=\"https:\/\/parafia-przyszowice.pl\/w\/wp-content\/uploads\/2018\/07\/Przechwytywanie-115x300.png 115w, https:\/\/parafia-przyszowice.pl\/w\/wp-content\/uploads\/2018\/07\/Przechwytywanie.png 299w\" sizes=\"auto, (max-width: 115px) 100vw, 115px\" \/>Podczas trwaj\u0105cego sporu mi\u0119dzy Wac\u0142awem IV Luksemburczykiem a arcybiskupem Pragi \u015bw. Jan, b\u0119d\u0105c mediatorem, zosta\u0142 uwi\u0119ziony przez porywczego kr\u00f3la (razem z dwoma pra\u0142atami) 20 marca 1393 r. i poddany torturom. Wed\u0142ug relacji bra\u0142 w nich udzia\u0142 sam kr\u00f3l. Potem na p\u00f3\u0142 \u017cywego w nocy zrzucono z mostu Karola IV do rzeki We\u0142tawy, kt\u00f3ra przep\u0142ywa przez Prag\u0119. Ludowa legenda doda\u0142a do \u017cywotu, \u017ce kap\u0142anowi przywi\u0105zano kamie\u0144 m\u0142y\u0144ski do szyi i \u017ce kamie\u0144 ten urwa\u0142 si\u0119; \u017ce niezwyk\u0142a jasno\u015b\u0107 obudzi\u0142a mieszka\u0144c\u00f3w Pragi; \u017ce kr\u00f3l widz\u0105c poruszenie ludu, uda\u0142 pokut\u0119 itp.\u00a0<\/span><\/span><\/span><\/p>\n<p><span style=\"color: #444444;\"><span style=\"font-family: Calibri,sans-serif;\"><span style=\"font-size: medium;\">Wed\u0142ug &#8222;Kroniki&#8221; Tomasza Ebendorfera z Haselbach z 1450 r. \u015bw. Jan zgin\u0105\u0142, poniewa\u017c odm\u00f3wi\u0142 ujawnienia tajemnicy spowiedzi ma\u0142\u017conki kr\u00f3lewskiej &#8211;\u00a0<\/span><\/span><\/span><\/p>\n<p><img loading=\"lazy\" decoding=\"async\" class=\"wp-image-144 alignright\" src=\"https:\/\/parafia-przyszowice.pl\/w\/wp-content\/uploads\/2012\/07\/p2-300x225.jpg\" alt=\"\" width=\"223\" height=\"172\" \/><\/p>\n<p><span style=\"font-size: medium; font-family: Calibri, sans-serif; color: #444444;\">kr\u00f3lowej Zofii. Cia\u0142o M\u0119czennika znaleziono dopiero po pewnym czasie (17 kwietnia) i pochowano je w ko\u015bciele \u015bw. Krzy\u017ca blisko\u00a0<\/span><span style=\"font-size: medium; font-family: Calibri, sans-serif; color: #444444;\">rzeki. Z czasem przeniesiono je do grobowca pod katedr\u0105 z napisem: Johannes de Pomuk.\u00a0<\/span><\/p>\n<p><span style=\"color: #444444;\">\u00a0<\/span><span style=\"font-family: Calibri,sans-serif;\"><span style=\"font-size: medium;\"><span style=\"color: #444444;\">Oficjalny jednak proces rozpocz\u0119to dopiero z polecenia cesarza J\u00f3zefa I w roku 1710. Innocenty XIII w 1720 roku potwierdzi\u0142 tytu\u0142 jako b\u0142ogos\u0142awionego. Ten\u017ce papie\u017c zatwierdzi\u0142 tekst Mszy \u015bwi\u0119tej i Liturgii Godzin ku czci b\u0142ogos\u0142awionego na Czechy, Austri\u0119, Niemcy,\u00a0<\/span><\/span><\/span><\/p>\n<p><span style=\"font-family: Calibri,sans-serif;\"><span style=\"font-size: medium;\"><span style=\"color: #444444;\">Polsk\u0119 i Litw\u0119. Dnia 19 marca 1729 roku papie\u017c Benedykt XII og\u0142osi\u0142 go formalnie \u015bwi\u0119tym. Podobnie jak j\u0119zyk \u015bw. Antoniego w Padwie, tak te\u017c j\u0119zyk \u015bw. Jana Nepomucena jest zachowany ca\u0142o w artystycznym, osobnym relikwiarzu katedry praskiej. <\/span><\/span><\/span><\/p>\n<p><a href=\"https:\/\/parafia-przyszowice.pl\/w\/wp-content\/uploads\/2012\/07\/p3.jpg\"><img loading=\"lazy\" decoding=\"async\" class=\"size-medium wp-image-145 alignright\" title=\"\" src=\"https:\/\/parafia-przyszowice.pl\/w\/wp-content\/uploads\/2012\/07\/p3-216x300.jpg\" alt=\"\" width=\"216\" height=\"300\" srcset=\"https:\/\/parafia-przyszowice.pl\/w\/wp-content\/uploads\/2012\/07\/p3-216x300.jpg 216w, https:\/\/parafia-przyszowice.pl\/w\/wp-content\/uploads\/2012\/07\/p3.jpg 315w\" sizes=\"auto, (max-width: 216px) 100vw, 216px\" \/><\/a><span style=\"font-family: Calibri,sans-serif;\"><span style=\"font-size: medium;\"><span style=\"color: #444444;\">\u015awi\u0119ty Jan jest patronem zakonu jezuit\u00f3w, Pragi, spowiednik\u00f3w, szczerej spowiedzi, dobrej s\u0142awy i ton\u0105cych oraz or\u0119downikiem podczas powodzi. Jest tak\u017ce patronem most\u00f3w. <\/span><\/span><\/span><\/p>\n<p><span style=\"color: #444444;\">W ikonografii \u015awi\u0119ty przedstawiany jest w stroju kap\u0142a\u0144skim, w sutannie, rokiecie, birecie. W r\u0119ku palma m\u0119cze\u0144ska. Niekiedy trzyma palec na ustach (symbol zachowanej tajemnicy). Jego atrybutami s\u0105: klucz, ksi\u0105\u017cka, k\u0142\u00f3dka, krzy\u017c w r\u0119ce, zapiecz\u0119towany list, most, z kt\u00f3rego zosta\u0142 zrzucony, piecz\u0119\u0107, wieniec z pi\u0119ciu gwiazd, wieniec z gwiazd &#8211; w \u015brodku napis TACUI &#8211; &#8222;milcza\u0142em&#8221;; woda, zamek.<\/span><\/p>\n<p style=\"text-align: center;\">\n<blockquote class=\"wp-embedded-content\" data-secret=\"28fEWHcdSm\"><p><a href=\"https:\/\/parafia-przyszowice.pl\/w\/modlitwa-do-sw-jana-nepomucena\/\">Modlitwa do \u015bwi\u0119tego Jana Nepomucena<\/a><\/p><\/blockquote>\n<p><iframe loading=\"lazy\" class=\"wp-embedded-content\" sandbox=\"allow-scripts\" security=\"restricted\" style=\"position: absolute; clip: rect(1px, 1px, 1px, 1px);\" title=\"&#8222;Modlitwa do \u015bwi\u0119tego Jana Nepomucena&#8221; &#8212; Parafia \u015bw. Jana Nepomucena w Przyszowicach\" src=\"https:\/\/parafia-przyszowice.pl\/w\/modlitwa-do-sw-jana-nepomucena\/embed\/#?secret=sgTIYUkYtA#?secret=28fEWHcdSm\" data-secret=\"28fEWHcdSm\" width=\"600\" height=\"338\" frameborder=\"0\" marginwidth=\"0\" marginheight=\"0\" scrolling=\"no\"><\/iframe><\/p>\n<p style=\"text-align: center;\">\n<blockquote class=\"wp-embedded-content\" data-secret=\"Yrsf99LQjD\"><p><a href=\"https:\/\/parafia-przyszowice.pl\/w\/litania-do-swietego-jana-nepomucena\/\">Litania do \u015bwi\u0119tego Jana Nepomucena<\/a><\/p><\/blockquote>\n<p><iframe loading=\"lazy\" class=\"wp-embedded-content\" sandbox=\"allow-scripts\" security=\"restricted\" style=\"position: absolute; clip: rect(1px, 1px, 1px, 1px);\" title=\"&#8222;Litania do \u015bwi\u0119tego Jana Nepomucena&#8221; &#8212; Parafia \u015bw. Jana Nepomucena w Przyszowicach\" src=\"https:\/\/parafia-przyszowice.pl\/w\/litania-do-swietego-jana-nepomucena\/embed\/#?secret=EYLONAfuLZ#?secret=Yrsf99LQjD\" data-secret=\"Yrsf99LQjD\" width=\"600\" height=\"338\" frameborder=\"0\" marginwidth=\"0\" marginheight=\"0\" scrolling=\"no\"><\/iframe><\/p>\n","protected":false},"excerpt":{"rendered":"<p>\u015aw. JAN NEPOMUCEN, prezbiter i m\u0119czennik Podczas trwaj\u0105cego sporu mi\u0119dzy Wac\u0142awem IV Luksemburczykiem a arcybiskupem Pragi \u015bw. Jan, b\u0119d\u0105c mediatorem, zosta\u0142 uwi\u0119ziony przez porywczego kr\u00f3la (razem z dwoma pra\u0142atami) 20 marca 1393 r. i poddany torturom. Wed\u0142ug relacji bra\u0142 w nich udzia\u0142 sam kr\u00f3l. Potem na p\u00f3\u0142 \u017cywego w nocy zrzucono z mostu Karola IV [&hellip;]<\/p>\n","protected":false},"author":1,"featured_media":0,"parent":0,"menu_order":0,"comment_status":"open","ping_status":"open","template":"","meta":{"footnotes":""},"class_list":["post-142","page","type-page","status-publish","hentry"],"_links":{"self":[{"href":"https:\/\/parafia-przyszowice.pl\/w\/wp-json\/wp\/v2\/pages\/142","targetHints":{"allow":["GET"]}}],"collection":[{"href":"https:\/\/parafia-przyszowice.pl\/w\/wp-json\/wp\/v2\/pages"}],"about":[{"href":"https:\/\/parafia-przyszowice.pl\/w\/wp-json\/wp\/v2\/types\/page"}],"author":[{"embeddable":true,"href":"https:\/\/parafia-przyszowice.pl\/w\/wp-json\/wp\/v2\/users\/1"}],"replies":[{"embeddable":true,"href":"https:\/\/parafia-przyszowice.pl\/w\/wp-json\/wp\/v2\/comments?post=142"}],"version-history":[{"count":12,"href":"https:\/\/parafia-przyszowice.pl\/w\/wp-json\/wp\/v2\/pages\/142\/revisions"}],"predecessor-version":[{"id":3534,"href":"https:\/\/parafia-przyszowice.pl\/w\/wp-json\/wp\/v2\/pages\/142\/revisions\/3534"}],"wp:attachment":[{"href":"https:\/\/parafia-przyszowice.pl\/w\/wp-json\/wp\/v2\/media?parent=142"}],"curies":[{"name":"wp","href":"https:\/\/api.w.org\/{rel}","templated":true}]}}