{"id":129,"date":"2012-07-04T08:56:36","date_gmt":"2012-07-04T06:56:36","guid":{"rendered":"http:\/\/parafia-przyszowice.pl\/w\/?page_id=129"},"modified":"2013-02-09T21:47:02","modified_gmt":"2013-02-09T20:47:02","slug":"129-2","status":"publish","type":"page","link":"https:\/\/parafia-przyszowice.pl\/w\/129-2\/","title":{"rendered":"Historia Parafii"},"content":{"rendered":"<div style=\"font-family: Calibri,sans-serif; font-size: medium; color: #444444;\">Pierwszy ko\u015bci\u00f3\u0142 zosta\u0142 wzniesiony na prze\u0142omie XIII i XIV wieku. W tym to bowiem czasie nast\u0105pi\u0142a lokacja Przyszowic na prawie niemieckim (magdeburskim). Najstarsza pisana wzmianka o Przyszowicach znajduje si\u0119 w ksi\u0119dze uposa\u017cenia biskupstwa wroc\u0142awskiego &#8211; &#8222;Liber fundationis episcopatus Vratislaviensis&#8221;, kt\u00f3ra pochodzi z ostatniego dziesi\u0119ciolecia XIII wieku i stanowi dow\u00f3d na istnienie ko\u015bcio\u0142a w Przyszowicach.<br \/>\n<a href=\"https:\/\/parafia-przyszowice.pl\/w\/wp-content\/uploads\/2012\/07\/h1.jpg\"><img loading=\"lazy\" decoding=\"async\" class=\"wp-image-132 alignleft\" alt=\"\" src=\"https:\/\/parafia-przyszowice.pl\/w\/wp-content\/uploads\/2012\/07\/h1.jpg\" width=\"300\" height=\"222\" \/><\/a><br \/>\nO pierwszym ko\u015bciele brak jest jakichkolwiek informacji. Ko\u015bci\u00f3\u0142 ten musia\u0142 jednak ulec zniszczeniu, b\u0105d\u017a spaleniu, gdy\u017c jak podaj\u0105 dokumenty w jego miejsce wybudowano drugi ko\u015bci\u00f3\u0142. Jego fundatorami by\u0142a prawdopodobnie rodzina Przyszowskich, kt\u00f3rej z ko\u0144cem XV w. zostaje nadana wie\u015b i od kt\u00f3rej przyjmuj\u0105 oni nazwisko. Jan i Wac\u0142aw Przyszowscy w 1580 r. funduj\u0105 dla ko\u015bcio\u0142a kielich mszalny zachowany do dzisiaj.W 1512 roku zostaje odlany dzwon o imieniu &#8222;Urban&#8221;. Wa\u017cy 982 kg przy \u015brednicy 120 cm. Umieszczony na nim napis g\u0142osi &#8222;O Rex Gloriae cum pace. Joannes, Marcus, Lucas, Mathaeus. Jesus Maria 1512&#8221;. 60 lat p\u00f3\u017aniej dla parafii odlano dzwon o imieniu Grzegorz o wadze 580 kg i \u015brednicy 100 cm z napisem &#8222;Si Deus pro nobis, cuis contra nos, cuis accusbit noc, Jesus Christe Filii Dei, conserva nos in Pace. A.D. 1582&#8221; W czasie wojen 1626 &#8211; 1639 dzwony zostaj\u0105 ukryte. Odnajduj\u0105 si\u0119 dopiero w okresie<br \/>\npos\u0142ugi ks. Grzegorz Pendzicha w 1676 r.<br \/>\n<a href=\"https:\/\/parafia-przyszowice.pl\/w\/wp-content\/uploads\/2012\/07\/h2.jpg\"><img loading=\"lazy\" decoding=\"async\" class=\"alignleft size-full wp-image-133\" title=\"h2\" alt=\"\" src=\"https:\/\/parafia-przyszowice.pl\/w\/wp-content\/uploads\/2012\/07\/h2.jpg\" width=\"200\" height=\"279\" \/><\/a><br \/>\nPo drugiej \u015bwi\u0105tyni zachowa\u0142a si\u0119 a\u017c do czasu rozbi\u00f3rki drewnianego ko\u015bcio\u0142a p.w. \u015bw. Miko\u0142aja w roku 1937 cz\u0119\u015b\u0107 mur\u00f3w od strony kaplicy pogrzebowej i zakrystia o sklepieniu roma\u0144skim. Ko\u015bci\u00f3\u0142 ten ca\u0142y murowany, zbudowany z cegie\u0142, szeroki na 14 i d\u0142ugi na 30 \u0142okci z 6 oknami i 2 drzwiami posiada\u0142 bogato rze\u017abione i szczerym z\u0142otem oz\u0142ocone o\u0142tarze oraz obrazy znanych mistrz\u00f3w. W g\u0142\u00f3wnym o\u0142tarzu by\u0142 obraz \u015bw. Miko\u0142aja cudami s\u0142yn\u0105cy.<br \/>\nJakie by\u0142y dzieje tego drugiego ko\u015bcio\u0142a, do kiedy istnia\u0142 i w jakim czasie zosta\u0142 zniszczony, nie wiadomo. M\u00f3g\u0142 zosta\u0107 spalony w czasie wojen, kt\u00f3re cz\u0119sto nawiedza\u0142y G\u00f3rny \u015al\u0105sk. Faktem jest, \u017ce w roku 1764 zosta\u0142 wybudowany nast\u0119pny &#8211; trzeci drewniany ko\u015bci\u00f3\u0142 parafialny r\u00f3wnie\u017c p.w. \u015bw. Miko\u0142aja, kt\u00f3ry przetrwa\u0142 w Przyszowicach do 1937 roku. Zosta\u0142 on przeniesiony do Borowej Wsi, gdzie s\u0142u\u017cy lokalnej ludno\u015bci po dzisiejszy dzie\u0144.<\/p>\n<p>Ostatni, istniej\u0105cy do tej pory ko\u015bci\u00f3\u0142 p. w. \u015bw. Jana Nepomucena zosta\u0142 zaprojektowany przez architekta Jana Aff\u0119. Po\u015bwi\u0119cenia kamienia w\u0119gielnego, kt\u00f3re odby\u0142o si\u0119 4 maja 1937 r. dokona\u0142 ks. infu\u0142at Wilhelm Kasperlik. Budow\u0119 ko\u015bcio\u0142a rozpocz\u0119to 11 maja 1937 r., za\u015b w niedziel\u0119 dnia 9 pa\u017adziernika1938 r. nast\u0105pi\u0142a uroczysto\u015b\u0107 konsekracji przez ks. biskupa Stanis\u0142aw Adamskiego. Nowa \u015bwi\u0105tynia powsta\u0142a dzi\u0119ki staraniom i zabiegom zas\u0142u\u017conego proboszcza ks. Franciszka Pogrzeby.<\/p>\n<p>W czasie II Wojny \u015awiatowej okupant niemiecki zarekwirowa\u0142 dwa dzwony. Oba ufundowane przez parafian w 1937 r. Jeden &#8222;Gloria in exelsis Deo&#8221; wagi 362 kg i drugi &#8211; sygnaturka wagi 40 kg. W miejsce tych dzwon\u00f3w parafia zakupi\u0142a sygnatur\u0119 z tzw. &#8222;klangstahli&#8221; pod imieniem &#8222;Agnus Dei&#8221;, kt\u00f3r\u0105 po\u015bwi\u0119cono 1 stycznia 1943 r.<\/p>\n<p>Wybudowanie tego ko\u015bci\u00f3\u0142ka na drugim kra\u0144cu wsi mog\u0142o by\u0107 spowodowane zniszczeniem pierwszego ko\u015bcio\u0142a parafialnego w w po\u017cogach wojennych, jakie nawiedzi\u0142y \u00f3wczesny \u015al\u0105sk. Biednej ludno\u015bci Przyszowic nie sta\u0107 by\u0142o pewnie w tych czasach na natychmiastowe odbudowanie ko\u015bcio\u0142a, dlatego postanowi\u0142a szybko zbudowa\u0107 ma\u0142y ko\u015bci\u00f3\u0142ek, kt\u00f3ry by zaspokaja\u0142 chwilowo potrzeby duchowe parafian. O tym, \u017ce ko\u015bci\u00f3\u0142ek budowany by\u0142 w po\u015bpiechu, \u015bwiadcz\u0105 zapiski kronikarskie m\u00f3wi\u0105ce o nieociosanych dok\u0142adnie belkach, niedok\u0142adnie z\u0142o\u017conych naro\u017cach, itp.<\/p>\n<p>W czasie dzia\u0142a\u0144 wojennych w styczniu 1945 r. ko\u015bci\u00f3\u0142ek zosta\u0142 zniszczony pociskami artylerii i broni pancernej. Rozbity by\u0142 ca\u0142y dach, nawa g\u0142\u00f3wna razem z wie\u017c\u0105. Wysi\u0142kiem parafian zosta\u0142 odbudowany.<\/p>\n<p>Pismem z dnia 07.08.1957 r. Kuria Diecezjalna w Katowicach poleci\u0142a przekaza\u0107 bezp\u0142atnie ko\u015bci\u00f3\u0142ek \u015bw. Krzy\u017ca parafii Istebna. Ko\u015bci\u00f3\u0142ek zosta\u0142 rozebrany jesieni\u0105 1957 r. W tym samym roku rozpocz\u0119\u0142a si\u0119 budowa na prze\u0142\u0119czy Kubalonka. 14 grudnia 1957 r., gdy spad\u0142 pierwszy wielki \u015bnieg, ko\u015bci\u00f3\u0142ek sta\u0142 gotowy w zr\u0119bach, wie\u017ca i wi\u0119ksza cz\u0119\u015b\u0107 dachu by\u0142a ju\u017c pokryta nowym gontem. Ko\u015bci\u00f3\u0142ek oddano do u\u017cytku w 1958 r. Niestety, w\u0142adze komunistyczne nie pozwoli\u0142y na jego pe\u0142ne wykorzystanie do cel\u00f3w liturgicznych. Udost\u0119pnienie ko\u015bci\u00f3\u0142ka na u\u017cytek wiernych nast\u0105pi\u0142o dopiero na pasterce w roku 1970, o czym naszego proboszcza ks. Kazimierza Grajewskiego poinformowa\u0142 ks. biskup Herbert Bednorz. Od tamtego czasu przyszowicki ko\u015bci\u00f3\u0142ek s\u0142u\u017cy parafii Istebna.<\/p>\n<p>&nbsp;<\/p>\n<p align=\"CENTER\"><span style=\"color: #ff0000;\"><strong>Proboszczowie parafii Przyszowice odnotowani w Kronice Parafialnej<\/strong><\/span><\/p>\n<table width=\"367\" cellspacing=\"0\" cellpadding=\"2\">\n<colgroup>\n<col width=\"66\" \/>\n<col width=\"67\" \/>\n<col width=\"223\" \/> <\/colgroup>\n<tbody>\n<tr>\n<td width=\"66\"><em><span style=\"color: #444444;\"><span style=\"font-family: Calibri,sans-serif;\"><span style=\"font-size: medium;\">1524<\/span><\/span><\/span><\/em><\/td>\n<td width=\"67\"><\/td>\n<td width=\"223\"><span style=\"color: #444444;\"><span style=\"font-family: Calibri,sans-serif;\"><span style=\"font-size: medium;\"><em>ks. Melchior Przyszowski<\/em><\/span><\/span><\/span><\/td>\n<\/tr>\n<tr>\n<td width=\"66\"><span style=\"color: #444444;\"><span style=\"font-family: Calibri,sans-serif;\"><span style=\"font-size: medium;\"><em>1624<\/em><\/span><\/span><\/span><\/td>\n<td width=\"67\"><span style=\"color: #444444;\"><span style=\"font-family: Calibri,sans-serif;\"><span style=\"font-size: medium;\"><em>1637<\/em><\/span><\/span><\/span><\/td>\n<td width=\"223\"><span style=\"color: #444444;\"><span style=\"font-family: Calibri,sans-serif;\"><span style=\"font-size: medium;\"><em>ks. Bart\u0142omiej Bagi\u0144ski<\/em><\/span><\/span><\/span><\/td>\n<\/tr>\n<tr>\n<td width=\"66\"><span style=\"color: #444444;\"><span style=\"font-family: Calibri,sans-serif;\"><span style=\"font-size: medium;\"><em>1637<\/em><\/span><\/span><\/span><\/td>\n<td width=\"67\"><span style=\"color: #444444;\"><span style=\"font-family: Calibri,sans-serif;\"><span style=\"font-size: medium;\"><em>1638<\/em><\/span><\/span><\/span><\/td>\n<td width=\"223\"><span style=\"color: #444444;\"><span style=\"font-family: Calibri,sans-serif;\"><span style=\"font-size: medium;\"><em>ks. Nikolas Skarada<\/em><\/span><\/span><\/span><\/td>\n<\/tr>\n<tr>\n<td width=\"66\"><span style=\"color: #444444;\"><span style=\"font-family: Calibri,sans-serif;\"><span style=\"font-size: medium;\"><em>1638<\/em><\/span><\/span><\/span><\/td>\n<td width=\"67\"><span style=\"color: #444444;\"><span style=\"font-family: Calibri,sans-serif;\"><span style=\"font-size: medium;\"><em>1647<\/em><\/span><\/span><\/span><\/td>\n<td width=\"223\"><span style=\"color: #444444;\"><span style=\"font-family: Calibri,sans-serif;\"><span style=\"font-size: medium;\"><em>Nieznani zarz\u0105dcy parafii<\/em><\/span><\/span><\/span><\/td>\n<\/tr>\n<tr>\n<td width=\"66\"><span style=\"color: #444444;\"><span style=\"font-family: Calibri,sans-serif;\"><span style=\"font-size: medium;\"><em>1647<\/em><\/span><\/span><\/span><\/td>\n<td width=\"67\"><span style=\"color: #444444;\"><span style=\"font-family: Calibri,sans-serif;\"><span style=\"font-size: medium;\"><em>1651<\/em><\/span><\/span><\/span><\/td>\n<td width=\"223\"><span style=\"color: #444444;\"><span style=\"font-family: Calibri,sans-serif;\"><span style=\"font-size: medium;\"><em>ks. Grzegorz Mikulski<\/em><\/span><\/span><\/span><\/td>\n<\/tr>\n<tr>\n<td width=\"66\"><span style=\"color: #444444;\"><span style=\"font-family: Calibri,sans-serif;\"><span style=\"font-size: medium;\"><em>1651<\/em><\/span><\/span><\/span><\/td>\n<td width=\"67\"><span style=\"color: #444444;\"><span style=\"font-family: Calibri,sans-serif;\"><span style=\"font-size: medium;\"><em>1660<\/em><\/span><\/span><\/span><\/td>\n<td width=\"223\"><span style=\"color: #444444;\"><span style=\"font-family: Calibri,sans-serif;\"><span style=\"font-size: medium;\"><em>ks. Marcin Giecka<\/em><\/span><\/span><\/span><\/td>\n<\/tr>\n<tr>\n<td width=\"66\"><span style=\"color: #444444;\"><span style=\"font-family: Calibri,sans-serif;\"><span style=\"font-size: medium;\"><em>1661<\/em><\/span><\/span><\/span><\/td>\n<td width=\"67\"><span style=\"color: #444444;\"><span style=\"font-family: Calibri,sans-serif;\"><span style=\"font-size: medium;\"><em>1669<\/em><\/span><\/span><\/span><\/td>\n<td width=\"223\"><span style=\"color: #444444;\"><span style=\"font-family: Calibri,sans-serif;\"><span style=\"font-size: medium;\"><em>ks. Jakub Sznurkiewicz<\/em><\/span><\/span><\/span><\/td>\n<\/tr>\n<tr>\n<td width=\"66\"><span style=\"color: #444444;\"><span style=\"font-family: Calibri,sans-serif;\"><span style=\"font-size: medium;\"><em>1669<\/em><\/span><\/span><\/span><\/td>\n<td width=\"67\"><span style=\"color: #444444;\"><span style=\"font-family: Calibri,sans-serif;\"><span style=\"font-size: medium;\"><em>1676<\/em><\/span><\/span><\/span><\/td>\n<td width=\"223\"><span style=\"color: #444444;\"><span style=\"font-family: Calibri,sans-serif;\"><span style=\"font-size: medium;\"><em>ks. Andrzej Brz\u00f3ska<\/em><\/span><\/span><\/span><\/td>\n<\/tr>\n<tr>\n<td width=\"66\"><span style=\"color: #444444;\"><span style=\"font-family: Calibri,sans-serif;\"><span style=\"font-size: medium;\"><em>1676<\/em><\/span><\/span><\/span><\/td>\n<td width=\"67\"><span style=\"color: #444444;\"><span style=\"font-family: Calibri,sans-serif;\"><span style=\"font-size: medium;\"><em>1714<\/em><\/span><\/span><\/span><\/td>\n<td width=\"223\"><span style=\"color: #444444;\"><span style=\"font-family: Calibri,sans-serif;\"><span style=\"font-size: medium;\"><em>ks. Grzegorz Pendzich<\/em><\/span><\/span><\/span><\/td>\n<\/tr>\n<tr>\n<td width=\"66\"><span style=\"color: #444444;\"><span style=\"font-family: Calibri,sans-serif;\"><span style=\"font-size: medium;\"><em>1714<\/em><\/span><\/span><\/span><\/td>\n<td width=\"67\"><span style=\"color: #444444;\"><span style=\"font-family: Calibri,sans-serif;\"><span style=\"font-size: medium;\"><em>1736<\/em><\/span><\/span><\/span><\/td>\n<td width=\"223\"><span style=\"color: #444444;\"><span style=\"font-family: Calibri,sans-serif;\"><span style=\"font-size: medium;\"><em>ks. Antoni Chudek<\/em><\/span><\/span><\/span><\/td>\n<\/tr>\n<tr>\n<td width=\"66\"><span style=\"color: #444444;\"><span style=\"font-family: Calibri,sans-serif;\"><span style=\"font-size: medium;\"><em>1736<\/em><\/span><\/span><\/span><\/td>\n<td width=\"67\"><\/td>\n<td width=\"223\"><span style=\"color: #444444;\"><span style=\"font-family: Calibri,sans-serif;\"><span style=\"font-size: medium;\"><em>ks. Dawid Kraus<\/em><\/span><\/span><\/span><\/td>\n<\/tr>\n<tr>\n<td width=\"66\"><span style=\"color: #444444;\"><span style=\"font-family: Calibri,sans-serif;\"><span style=\"font-size: medium;\"><em>1736<\/em><\/span><\/span><\/span><\/td>\n<td width=\"67\"><\/td>\n<td width=\"223\"><span style=\"color: #444444;\"><span style=\"font-family: Calibri,sans-serif;\"><span style=\"font-size: medium;\"><em>ks. Jan Danisik<\/em><\/span><\/span><\/span><\/td>\n<\/tr>\n<tr>\n<td width=\"66\"><span style=\"color: #444444;\"><span style=\"font-family: Calibri,sans-serif;\"><span style=\"font-size: medium;\"><em>1740<\/em><\/span><\/span><\/span><\/td>\n<td width=\"67\"><span style=\"color: #444444;\"><span style=\"font-family: Calibri,sans-serif;\"><span style=\"font-size: medium;\"><em>1741<\/em><\/span><\/span><\/span><\/td>\n<td width=\"223\"><span style=\"color: #444444;\"><span style=\"font-family: Calibri,sans-serif;\"><span style=\"font-size: medium;\"><em>ks. Miko\u0142aj G\u0142owacz<\/em><\/span><\/span><\/span><\/td>\n<\/tr>\n<tr>\n<td width=\"66\"><span style=\"color: #444444;\"><span style=\"font-family: Calibri,sans-serif;\"><span style=\"font-size: medium;\"><em>1741<\/em><\/span><\/span><\/span><\/td>\n<td width=\"67\"><span style=\"color: #444444;\"><span style=\"font-family: Calibri,sans-serif;\"><span style=\"font-size: medium;\"><em>1770<\/em><\/span><\/span><\/span><\/td>\n<td width=\"223\"><span style=\"color: #444444;\"><span style=\"font-family: Calibri,sans-serif;\"><span style=\"font-size: medium;\"><em>ks. Bernard Bro\u017cek<\/em><\/span><\/span><\/span><\/td>\n<\/tr>\n<tr>\n<td width=\"66\"><span style=\"color: #444444;\"><span style=\"font-family: Calibri,sans-serif;\"><span style=\"font-size: medium;\"><em>1770<\/em><\/span><\/span><\/span><\/td>\n<td width=\"67\"><span style=\"color: #444444;\"><span style=\"font-family: Calibri,sans-serif;\"><span style=\"font-size: medium;\"><em>1771<\/em><\/span><\/span><\/span><\/td>\n<td width=\"223\"><span style=\"color: #444444;\"><span style=\"font-family: Calibri,sans-serif;\"><span style=\"font-size: medium;\"><em>ks. Ignacy Leja<\/em><\/span><\/span><\/span><\/td>\n<\/tr>\n<tr>\n<td width=\"66\"><span style=\"color: #444444;\"><span style=\"font-family: Calibri,sans-serif;\"><span style=\"font-size: medium;\"><em>1771<\/em><\/span><\/span><\/span><\/td>\n<td width=\"67\"><span style=\"color: #444444;\"><span style=\"font-family: Calibri,sans-serif;\"><span style=\"font-size: medium;\"><em>1774<\/em><\/span><\/span><\/span><\/td>\n<td width=\"223\"><span style=\"color: #444444;\"><span style=\"font-family: Calibri,sans-serif;\"><span style=\"font-size: medium;\"><em>ks. Franciszek Pie\u015bniak<\/em><\/span><\/span><\/span><\/td>\n<\/tr>\n<tr>\n<td width=\"66\"><span style=\"color: #444444;\"><span style=\"font-family: Calibri,sans-serif;\"><span style=\"font-size: medium;\"><em>1774<\/em><\/span><\/span><\/span><\/td>\n<td width=\"67\"><\/td>\n<td width=\"223\"><span style=\"color: #444444;\"><span style=\"font-family: Calibri,sans-serif;\"><span style=\"font-size: medium;\"><em>ks. Antoni Craior<\/em><\/span><\/span><\/span><\/td>\n<\/tr>\n<tr>\n<td width=\"66\"><span style=\"color: #444444;\"><span style=\"font-family: Calibri,sans-serif;\"><span style=\"font-size: medium;\"><em>1774<\/em><\/span><\/span><\/span><\/td>\n<td width=\"67\"><\/td>\n<td width=\"223\"><span style=\"color: #444444;\"><span style=\"font-family: Calibri,sans-serif;\"><span style=\"font-size: medium;\"><em>ks. Franciszek Zawadil<\/em><\/span><\/span><\/span><\/td>\n<\/tr>\n<tr>\n<td width=\"66\"><span style=\"color: #444444;\"><span style=\"font-family: Calibri,sans-serif;\"><span style=\"font-size: medium;\"><em>1774<\/em><\/span><\/span><\/span><\/td>\n<td width=\"67\"><span style=\"color: #444444;\"><span style=\"font-family: Calibri,sans-serif;\"><span style=\"font-size: medium;\"><em>1813<\/em><\/span><\/span><\/span><\/td>\n<td width=\"223\"><span style=\"color: #444444;\"><span style=\"font-family: Calibri,sans-serif;\"><span style=\"font-size: medium;\"><em>ks. Melchior Opolski<\/em><\/span><\/span><\/span><\/td>\n<\/tr>\n<tr>\n<td width=\"66\"><span style=\"color: #444444;\"><span style=\"font-family: Calibri,sans-serif;\"><span style=\"font-size: medium;\"><em>1813<\/em><\/span><\/span><\/span><\/td>\n<td width=\"67\"><span style=\"color: #444444;\"><span style=\"font-family: Calibri,sans-serif;\"><span style=\"font-size: medium;\"><em>1846<\/em><\/span><\/span><\/span><\/td>\n<td width=\"223\"><span style=\"color: #444444;\"><span style=\"font-family: Calibri,sans-serif;\"><span style=\"font-size: medium;\"><em>ks. Ludwik Piszczan<\/em><\/span><\/span><\/span><\/td>\n<\/tr>\n<tr>\n<td width=\"66\"><span style=\"color: #444444;\"><span style=\"font-family: Calibri,sans-serif;\"><span style=\"font-size: medium;\"><em>1846<\/em><\/span><\/span><\/span><\/td>\n<td width=\"67\"><\/td>\n<td width=\"223\"><span style=\"color: #444444;\"><span style=\"font-family: Calibri,sans-serif;\"><span style=\"font-size: medium;\"><em>ks. J\u00f3zef \u0141ukaszczyk<\/em><\/span><\/span><\/span><\/td>\n<\/tr>\n<tr>\n<td width=\"66\"><span style=\"color: #444444;\"><span style=\"font-family: Calibri,sans-serif;\"><span style=\"font-size: medium;\"><em>1847<\/em><\/span><\/span><\/span><\/td>\n<td width=\"67\"><span style=\"color: #444444;\"><span style=\"font-family: Calibri,sans-serif;\"><span style=\"font-size: medium;\"><em>1862<\/em><\/span><\/span><\/span><\/td>\n<td width=\"223\"><span style=\"color: #444444;\"><span style=\"font-family: Calibri,sans-serif;\"><span style=\"font-size: medium;\"><em>ks. Antoni Ledwoch<\/em><\/span><\/span><\/span><\/td>\n<\/tr>\n<tr>\n<td width=\"66\"><span style=\"color: #444444;\"><span style=\"font-family: Calibri,sans-serif;\"><span style=\"font-size: medium;\"><em>1862<\/em><\/span><\/span><\/span><\/td>\n<td width=\"67\"><span style=\"color: #444444;\"><span style=\"font-family: Calibri,sans-serif;\"><span style=\"font-size: medium;\"><em>1890<\/em><\/span><\/span><\/span><\/td>\n<td width=\"223\"><span style=\"color: #444444;\"><span style=\"font-family: Calibri,sans-serif;\"><span style=\"font-size: medium;\"><em>ks. Edward Frank<\/em><\/span><\/span><\/span><\/td>\n<\/tr>\n<tr>\n<td width=\"66\"><span style=\"color: #444444;\"><span style=\"font-family: Calibri,sans-serif;\"><span style=\"font-size: medium;\"><em>1890<\/em><\/span><\/span><\/span><\/td>\n<td width=\"67\"><\/td>\n<td width=\"223\"><span style=\"color: #444444;\"><span style=\"font-family: Calibri,sans-serif;\"><span style=\"font-size: medium;\"><em>ks. Karol Stok\u0142osa<\/em><\/span><\/span><\/span><\/td>\n<\/tr>\n<tr>\n<td width=\"66\"><span style=\"color: #444444;\"><span style=\"font-family: Calibri,sans-serif;\"><span style=\"font-size: medium;\"><em>1890<\/em><\/span><\/span><\/span><\/td>\n<td width=\"67\"><span style=\"color: #444444;\"><span style=\"font-family: Calibri,sans-serif;\"><span style=\"font-size: medium;\"><em>1918<\/em><\/span><\/span><\/span><\/td>\n<td width=\"223\"><span style=\"color: #444444;\"><span style=\"font-family: Calibri,sans-serif;\"><span style=\"font-size: medium;\"><em>ks. Augustyn Krakowski<\/em><\/span><\/span><\/span><\/td>\n<\/tr>\n<tr>\n<td width=\"66\"><span style=\"color: #444444;\"><span style=\"font-family: Calibri,sans-serif;\"><span style=\"font-size: medium;\"><em>1919<\/em><\/span><\/span><\/span><\/td>\n<td width=\"67\"><span style=\"color: #444444;\"><span style=\"font-family: Calibri,sans-serif;\"><span style=\"font-size: medium;\"><em>1922<\/em><\/span><\/span><\/span><\/td>\n<td width=\"223\"><span style=\"color: #444444;\"><span style=\"font-family: Calibri,sans-serif;\"><span style=\"font-size: medium;\"><em>ks. Franciszek Dzier\u017con<\/em><\/span><\/span><\/span><\/td>\n<\/tr>\n<tr>\n<td width=\"66\"><span style=\"color: #444444;\"><span style=\"font-family: Calibri,sans-serif;\"><span style=\"font-size: medium;\"><em>1922<\/em><\/span><\/span><\/span><\/td>\n<td width=\"67\"><span style=\"color: #444444;\"><span style=\"font-family: Calibri,sans-serif;\"><span style=\"font-size: medium;\"><em>1941<\/em><\/span><\/span><\/span><\/td>\n<td width=\"223\"><span style=\"color: #444444;\"><span style=\"font-family: Calibri,sans-serif;\"><span style=\"font-size: medium;\"><em>ks. Franciszek Pogrzeba<\/em><\/span><\/span><\/span><\/td>\n<\/tr>\n<tr>\n<td width=\"66\"><span style=\"color: #444444;\"><span style=\"font-family: Calibri,sans-serif;\"><span style=\"font-size: medium;\"><em>1941<\/em><\/span><\/span><\/span><\/td>\n<td width=\"67\"><span style=\"color: #444444;\"><span style=\"font-family: Calibri,sans-serif;\"><span style=\"font-size: medium;\"><em>1978<\/em><\/span><\/span><\/span><\/td>\n<td width=\"223\"><span style=\"color: #444444;\"><span style=\"font-family: Calibri,sans-serif;\"><span style=\"font-size: medium;\"><em>ks. Kazimierz Grajewski<\/em><\/span><\/span><\/span><\/td>\n<\/tr>\n<tr>\n<td width=\"66\"><span style=\"color: #444444;\"><span style=\"font-family: Calibri,sans-serif;\"><span style=\"font-size: medium;\"><em>1978<\/em><\/span><\/span><\/span><\/td>\n<td width=\"67\"><span style=\"color: #444444;\"><span style=\"font-family: Calibri,sans-serif;\"><span style=\"font-size: medium;\"><em>1987<\/em><\/span><\/span><\/span><\/td>\n<td width=\"223\"><span style=\"color: #444444;\"><span style=\"font-family: Calibri,sans-serif;\"><span style=\"font-size: medium;\"><em>ks. Ludwik Pa\u017adzierniok<\/em><\/span><\/span><\/span><\/td>\n<\/tr>\n<tr>\n<td width=\"66\"><span style=\"color: #444444;\"><span style=\"font-family: Calibri,sans-serif;\"><span style=\"font-size: medium;\"><em>1987<\/em><\/span><\/span><\/span><\/td>\n<td width=\"67\"><span style=\"color: #444444;\"><span style=\"font-family: Calibri,sans-serif;\"><span style=\"font-size: medium;\"><em>1994<\/em><\/span><\/span><\/span><\/td>\n<td width=\"223\"><span style=\"color: #444444;\"><span style=\"font-family: Calibri,sans-serif;\"><span style=\"font-size: medium;\"><em>ks. Boles\u0142aw Jakubczyk<\/em><\/span><\/span><\/span><\/td>\n<\/tr>\n<tr>\n<td width=\"66\"><span style=\"color: #444444;\"><span style=\"font-family: Calibri,sans-serif;\"><span style=\"font-size: medium;\"><em>1994<\/em><\/span><\/span><\/span><\/td>\n<td width=\"67\"><span style=\"color: #444444;\"><span style=\"font-family: Calibri,sans-serif;\"><span style=\"font-size: medium;\"><em>2004<\/em><\/span><\/span><\/span><\/td>\n<td width=\"223\"><span style=\"color: #444444;\"><span style=\"font-family: Calibri,sans-serif;\"><span style=\"font-size: medium;\"><em>ks. Robert Ryszka<\/em><\/span><\/span><\/span><\/td>\n<\/tr>\n<tr>\n<td width=\"66\"><span style=\"color: #444444;\"><span style=\"font-family: Calibri,sans-serif;\"><span style=\"font-size: medium;\"><em>2004<\/em><\/span><\/span><\/span><\/td>\n<td width=\"67\"><span style=\"color: #444444;\"> <span style=\"font-family: Calibri,sans-serif;\"><span style=\"font-size: medium;\"><em>2011<\/em><\/span><\/span><\/span><\/td>\n<td width=\"223\"><span style=\"color: #444444;\"><span style=\"font-family: Calibri,sans-serif;\"><span style=\"font-size: medium;\"><em>ks. Antoni Wyci\u015blik<br \/>\n<\/em><\/span><\/span><\/span><\/td>\n<\/tr>\n<tr>\n<td width=\"66\"><span style=\"color: #444444;\"><span style=\"font-family: Calibri,sans-serif;\"><span style=\"font-size: medium;\"><em>2011<\/em><\/span><\/span><\/span><\/td>\n<td width=\"67\"><\/td>\n<td width=\"223\"><span style=\"color: #444444;\"><span style=\"font-family: Calibri,sans-serif;\"><span style=\"font-size: medium;\"><em>ks. Adam Niedziela<br \/>\n<\/em><\/span><\/span><\/span><\/td>\n<\/tr>\n<\/tbody>\n<\/table>\n<p>&nbsp;<\/p>\n<\/div>\n","protected":false},"excerpt":{"rendered":"<p>Pierwszy ko\u015bci\u00f3\u0142 zosta\u0142 wzniesiony na prze\u0142omie XIII i XIV wieku. W tym to bowiem czasie nast\u0105pi\u0142a lokacja Przyszowic na prawie niemieckim (magdeburskim). Najstarsza pisana wzmianka o Przyszowicach znajduje si\u0119 w ksi\u0119dze uposa\u017cenia biskupstwa wroc\u0142awskiego &#8211; &#8222;Liber fundationis episcopatus Vratislaviensis&#8221;, kt\u00f3ra pochodzi z ostatniego dziesi\u0119ciolecia XIII wieku i stanowi dow\u00f3d na istnienie ko\u015bcio\u0142a w Przyszowicach. O [&hellip;]<\/p>\n","protected":false},"author":1,"featured_media":0,"parent":0,"menu_order":0,"comment_status":"open","ping_status":"open","template":"","meta":{"footnotes":""},"class_list":["post-129","page","type-page","status-publish","hentry"],"_links":{"self":[{"href":"https:\/\/parafia-przyszowice.pl\/w\/wp-json\/wp\/v2\/pages\/129","targetHints":{"allow":["GET"]}}],"collection":[{"href":"https:\/\/parafia-przyszowice.pl\/w\/wp-json\/wp\/v2\/pages"}],"about":[{"href":"https:\/\/parafia-przyszowice.pl\/w\/wp-json\/wp\/v2\/types\/page"}],"author":[{"embeddable":true,"href":"https:\/\/parafia-przyszowice.pl\/w\/wp-json\/wp\/v2\/users\/1"}],"replies":[{"embeddable":true,"href":"https:\/\/parafia-przyszowice.pl\/w\/wp-json\/wp\/v2\/comments?post=129"}],"version-history":[{"count":14,"href":"https:\/\/parafia-przyszowice.pl\/w\/wp-json\/wp\/v2\/pages\/129\/revisions"}],"predecessor-version":[{"id":1063,"href":"https:\/\/parafia-przyszowice.pl\/w\/wp-json\/wp\/v2\/pages\/129\/revisions\/1063"}],"wp:attachment":[{"href":"https:\/\/parafia-przyszowice.pl\/w\/wp-json\/wp\/v2\/media?parent=129"}],"curies":[{"name":"wp","href":"https:\/\/api.w.org\/{rel}","templated":true}]}}