{"id":1242,"date":"2013-03-22T16:15:09","date_gmt":"2013-03-22T15:15:09","guid":{"rendered":"http:\/\/parafia-przyszowice.pl\/w\/?page_id=1242"},"modified":"2013-03-22T16:20:45","modified_gmt":"2013-03-22T15:20:45","slug":"informacja-o-cookies","status":"publish","type":"page","link":"https:\/\/parafia-przyszowice.pl\/w\/informacja-o-cookies\/","title":{"rendered":"Informacja o cookies"},"content":{"rendered":"<p><span style=\"color: #000000;\">Na wielu stronach internetowych, tak\u017ce u nas, wykorzystywane s\u0105 pliki cookies (tzw. ciasteczka). S\u0105 one przechowywane w przegl\u0105darce internetowej Czytelnika i s\u0105 pomocne m.in. w celu dostosowania zawarto\u015bci strony do preferencji u\u017cytkownika, czy te\u017c s\u0142u\u017c\u0105 do tworzenia statystyk ogl\u0105dalno\u015bci strony. Nie zawieraj\u0105 one \u017cadnych danych osobowych ani w \u017caden spos\u00f3b nie zmieniaj\u0105 konfiguracji urz\u0105dze\u0144, na kt\u00f3rych zostan\u0105 zainstalowane. Nowe regulacje prawne obowi\u0105zuj\u0105ce od 23 marca 2013 r. zobowi\u0105zuj\u0105 nas do poinformowania Czytelnik\u00f3w o tym w wyra\u017aniejszy ni\u017c dot\u0105d spos\u00f3b.<\/span><\/p>\n<p><span style=\"color: #000000;\">Dalsze korzystanie ze strony www.parafia-przyszowice.pl bez zmiany ustawie\u0144 przegl\u0105darki b\u0119dzie dla nas oznacza\u0142o, \u017ce Czytelnik zgadza si\u0119 na wykorzystywanie przez nas cookies.<\/span><\/p>\n<p><span style=\"color: #000000;\">\u00a0Z pe\u0142nym brzmieniem znowelizowanej ustawy Prawa Telekomunikacyjnego mo\u017cna si\u0119 zapozna\u0107 na stronie: <a href=\"http:\/\/www.dziennikustaw.gov.pl\/DU\/2012\/1445\"><span style=\"color: #000000;\">http:\/\/www.dziennikustaw.gov.pl\/DU\/2012\/1445<\/span><\/a><\/span><\/p>\n<p>Wi\u0119cej informacji o cookies znajduje si\u0119 na stronie http:\/\/wszystkoociasteczkach.pl\/<\/p>\n","protected":false},"excerpt":{"rendered":"<p>Na wielu stronach internetowych, tak\u017ce u nas, wykorzystywane s\u0105 pliki cookies (tzw. ciasteczka). S\u0105 one przechowywane w przegl\u0105darce internetowej Czytelnika i s\u0105 pomocne m.in. w celu dostosowania zawarto\u015bci strony do preferencji u\u017cytkownika, czy te\u017c s\u0142u\u017c\u0105 do tworzenia statystyk ogl\u0105dalno\u015bci strony. Nie zawieraj\u0105 one \u017cadnych danych osobowych ani w \u017caden spos\u00f3b nie zmieniaj\u0105 konfiguracji urz\u0105dze\u0144, na [&hellip;]<\/p>\n","protected":false},"author":1,"featured_media":0,"parent":0,"menu_order":0,"comment_status":"closed","ping_status":"open","template":"","meta":{"footnotes":""},"class_list":["post-1242","page","type-page","status-publish","hentry"],"_links":{"self":[{"href":"https:\/\/parafia-przyszowice.pl\/w\/wp-json\/wp\/v2\/pages\/1242","targetHints":{"allow":["GET"]}}],"collection":[{"href":"https:\/\/parafia-przyszowice.pl\/w\/wp-json\/wp\/v2\/pages"}],"about":[{"href":"https:\/\/parafia-przyszowice.pl\/w\/wp-json\/wp\/v2\/types\/page"}],"author":[{"embeddable":true,"href":"https:\/\/parafia-przyszowice.pl\/w\/wp-json\/wp\/v2\/users\/1"}],"replies":[{"embeddable":true,"href":"https:\/\/parafia-przyszowice.pl\/w\/wp-json\/wp\/v2\/comments?post=1242"}],"version-history":[{"count":5,"href":"https:\/\/parafia-przyszowice.pl\/w\/wp-json\/wp\/v2\/pages\/1242\/revisions"}],"predecessor-version":[{"id":1244,"href":"https:\/\/parafia-przyszowice.pl\/w\/wp-json\/wp\/v2\/pages\/1242\/revisions\/1244"}],"wp:attachment":[{"href":"https:\/\/parafia-przyszowice.pl\/w\/wp-json\/wp\/v2\/media?parent=1242"}],"curies":[{"name":"wp","href":"https:\/\/api.w.org\/{rel}","templated":true}]}}