{"id":120,"date":"2012-07-04T08:50:35","date_gmt":"2012-07-04T06:50:35","guid":{"rendered":"http:\/\/parafia-przyszowice.pl\/w\/?page_id=120"},"modified":"2026-02-07T07:55:27","modified_gmt":"2026-02-07T06:55:27","slug":"nabozenstwa-2","status":"publish","type":"page","link":"https:\/\/parafia-przyszowice.pl\/w\/nabozenstwa-2\/","title":{"rendered":"Nabo\u017ce\u0144stwa"},"content":{"rendered":"<table style=\"color: #444444; height: 214px;\" width=\"641\">\n<tbody>\n<tr>\n<td><\/td>\n<td><strong>godziny<\/strong><\/td>\n<\/tr>\n<tr>\n<td><strong>poniedzia\u0142ek<\/strong><\/td>\n<td>18:00<\/td>\n<\/tr>\n<tr>\n<td><strong>wtorek<\/strong><\/td>\n<td>7:00<\/td>\n<\/tr>\n<tr>\n<td><strong>\u015broda<\/strong><\/td>\n<td>18:00<\/td>\n<\/tr>\n<tr>\n<td><strong>czwartek<\/strong><\/td>\n<td>7:00<\/td>\n<\/tr>\n<tr>\n<td><strong>pi\u0105tek<\/strong><\/td>\n<td>17:00 (I pi\u0105tek miesi\u0105ca godz. 7:00)<\/td>\n<\/tr>\n<tr>\n<td><strong>sobota<\/strong><\/td>\n<td>18:00 (I sobota miesi\u0105ca godz. 7:00)<\/td>\n<\/tr>\n<tr>\n<td><strong>niedziela<\/strong><\/td>\n<td>7:00, 9:30, 11:00<\/td>\n<\/tr>\n<\/tbody>\n<\/table>\n<table width=\"643\" cellspacing=\"0\" cellpadding=\"2\">\n<colgroup>\n<col width=\"273\" \/>\n<col width=\"361\" \/> <\/colgroup>\n<tbody>\n<tr>\n<td width=\"273\"><span style=\"color: #444444;\"><span style=\"font-family: Calibri,sans-serif;\"><span style=\"font-size: small;\"><strong>Msze \u015bw. z udzielaniem chrztu i roczki:<\/strong><\/span><\/span><\/span><\/td>\n<td width=\"361\"><span style=\"color: #444444;\"><span style=\"font-family: Calibri,sans-serif;\"><span style=\"font-size: small;\">zazwyczaj ostatnia niedziela miesi\u0105ca o 11:00<\/span><\/span><\/span><\/td>\n<\/tr>\n<tr>\n<td width=\"273\"><span style=\"color: #444444;\"><span style=\"font-family: Calibri,sans-serif;\"><span style=\"font-size: small;\"><strong>Nauka przedchrzcielna:<\/strong><\/span><\/span><\/span><\/td>\n<td width=\"361\"><span style=\"color: #444444;\"><span style=\"font-family: Calibri,sans-serif;\"><span style=\"font-size: small;\">w sobot\u0119 poprzedzaj\u0105c\u0105 udzielenie sakramentu chrztu o godz. 16.45 <\/span><\/span><\/span><\/td>\n<\/tr>\n<tr>\n<td width=\"273\"><span style=\"color: #444444;\"><span style=\"font-family: Calibri,sans-serif;\"><span style=\"font-size: small;\"><strong>Spowied\u017a \u015bwi\u0119ta:<\/strong><\/span><\/span><\/span><\/td>\n<td width=\"361\"><span style=\"color: #444444;\"><span style=\"font-family: Calibri,sans-serif;\"><span style=\"font-size: small;\">codziennie przed Msz\u0105 \u015bw. W sobot\u0119 od godz. 17.15 &#8211; 18.00 <\/span><\/span><\/span><\/td>\n<\/tr>\n<tr>\n<td width=\"273\"><span style=\"font-family: Calibri,sans-serif;\"><span style=\"font-size: small;\"><strong><span style=\"color: #444444;\">Adoracja Naj\u015bwi\u0119tszego Sakramentu:<\/span><\/strong><\/span><\/span><\/td>\n<td width=\"361\"><span style=\"color: #444444;\"><span style=\"font-family: Calibri,sans-serif;\"><span style=\"font-size: small;\">w sobot\u0119 od godz. 17.15 do 18.00<\/span><\/span><\/span><\/td>\n<\/tr>\n<tr>\n<td width=\"273\"><span style=\"color: #444444;\"><span style=\"font-family: Calibri,sans-serif;\"><span style=\"font-size: small;\"><strong>Modlitwa r\u00f3\u017ca\u0144cowa:<\/strong><\/span><\/span><\/span><\/td>\n<td width=\"361\"><span style=\"color: #444444;\"><span style=\"font-family: Calibri,sans-serif;\"><span style=\"font-size: small;\">W I sobot\u0119 po Mszy \u015bw. porannej<\/span><\/span><\/span><\/td>\n<\/tr>\n<tr>\n<td width=\"273\"><span style=\"font-family: Calibri,sans-serif;\"><span style=\"font-size: small;\"><strong><span style=\"color: #444444;\">Dni Fatimskie:<\/span><\/strong><\/span><\/span><\/td>\n<td width=\"361\"><span style=\"color: #444444;\"><span style=\"font-family: Calibri,sans-serif;\"><span style=\"font-size: small;\">od maja do pa\u017adziernika &#8211; Msza \u015bw. o 19.00 13-tego, r\u00f3\u017caniec, procesja <\/span><\/span><\/span><\/td>\n<\/tr>\n<tr>\n<td width=\"273\"><span style=\"color: #444444;\"><span style=\"font-family: Calibri,sans-serif;\"><span style=\"font-size: small;\"><strong>Koronka do Mi\u0142osierdzia Bo\u017cego:<\/strong><\/span><\/span><\/span><\/td>\n<td width=\"361\"><span style=\"color: #444444;\"><span style=\"font-family: Calibri,sans-serif;\"><span style=\"font-size: small;\">we wtorki po Mszy \u015bw. porannej <\/span><\/span><\/span><\/td>\n<\/tr>\n<tr>\n<td width=\"273\"><span style=\"color: #444444;\"><span style=\"font-family: Calibri,sans-serif;\"><span style=\"font-size: small;\"><strong>Nowenna do MB Nieustaj\u0105cej Pomocy:<\/strong><\/span><\/span><\/span><\/td>\n<td width=\"361\"><span style=\"color: #444444;\">\u00a0<span style=\"font-family: Calibri,sans-serif;\"><span style=\"font-size: small;\">w \u015brody po Mszy \u015bw. wieczornej<\/span><\/span><\/span><\/td>\n<\/tr>\n<tr>\n<td width=\"273\"><span style=\"font-family: Calibri,sans-serif;\"><span style=\"font-size: small;\"><strong><span style=\"color: #444444;\">Gorzkie \u017bale z kazaniem pasyjnym:<\/span><\/strong><\/span><\/span><\/td>\n<td width=\"361\"><span style=\"color: #444444;\"><span style=\"font-family: Calibri,sans-serif;\"><span style=\"font-size: small;\">niedziele Wielkiego Postu godz. 15.45 <\/span><\/span><\/span><\/td>\n<\/tr>\n<tr>\n<td width=\"273\"><span style=\"color: #444444;\"><span style=\"font-family: Calibri,sans-serif;\"><span style=\"font-size: small;\"><strong>Nabo\u017ce\u0144stwa Drogi Krzy\u017cowej:<\/strong><\/span><\/span><\/span><\/td>\n<td width=\"361\"><span style=\"color: #444444;\"><span style=\"font-family: Calibri,sans-serif;\"><span style=\"font-size: small;\">pi\u0105tek po Mszy \u015bw. wieczornej <\/span><\/span><\/span><\/td>\n<\/tr>\n<tr>\n<td width=\"273\"><span style=\"color: #444444;\"><span style=\"font-family: Calibri,sans-serif;\"><span style=\"font-size: small;\"><strong>Spowied\u017a Dzieci:<\/strong><\/span><\/span><\/span><\/td>\n<td width=\"361\"><span style=\"color: #444444;\"><span style=\"font-family: Calibri,sans-serif;\"><span style=\"font-size: small;\">pierwszy pi\u0105tek m-ca od godz. 16.00 <\/span><\/span><\/span><\/td>\n<\/tr>\n<tr>\n<td width=\"273\"><span style=\"color: #444444;\"><span style=\"font-family: Calibri,sans-serif;\"><span style=\"font-size: small;\"><strong>Spowied\u017a dla kandydat\u00f3w do Bierzmowania:<\/strong><\/span><\/span><\/span><\/td>\n<td width=\"361\"><span style=\"color: #444444;\"><span style=\"font-family: Calibri,sans-serif;\"><span style=\"font-size: small;\">pierwszy pi\u0105tek m-ca od godz. 16.00 <\/span><\/span><\/span><\/td>\n<\/tr>\n<tr>\n<td width=\"273\"><span style=\"font-family: Calibri,sans-serif;\"><span style=\"font-size: small;\"><strong><span style=\"color: #444444;\">Spowied\u017a dla M\u0142odzie\u017cy:<\/span><\/strong><\/span><\/span><\/td>\n<td width=\"361\"><span style=\"color: #444444;\"><span style=\"font-family: Calibri,sans-serif;\"><span style=\"font-size: small;\">pierwszy pi\u0105tek m-ca od godz. 16.00 <\/span><\/span><\/span><\/td>\n<\/tr>\n<tr>\n<td width=\"273\"><span style=\"color: #444444;\"><span style=\"font-family: Calibri,sans-serif;\"><span style=\"font-size: small;\"><strong>Msza \u015bw. M\u0142odzie\u017cowa:<\/strong><\/span><\/span><\/span><\/td>\n<td width=\"361\"><span style=\"color: #444444;\"><span style=\"font-family: Calibri,sans-serif;\"><span style=\"font-size: small;\">pierwszy pi\u0105tek m-ca godz. 17.00<\/span><\/span><\/span><\/td>\n<\/tr>\n<tr>\n<td width=\"273\"><span style=\"color: #444444;\"><span style=\"font-family: Calibri,sans-serif;\"><span style=\"font-size: small;\"><strong>Litania do \u015bw. Jana Nepomucena<\/strong><\/span><\/span><\/span><\/td>\n<td width=\"361\"><span style=\"color: #444444;\"><span style=\"font-family: Calibri,sans-serif;\"><span style=\"font-size: small;\">poniedzia\u0142ek po wieczornej Mszy \u015bw.<\/span><\/span><\/span><\/td>\n<\/tr>\n<\/tbody>\n<\/table>\n","protected":false},"excerpt":{"rendered":"<p>godziny poniedzia\u0142ek 18:00 wtorek 7:00 \u015broda 18:00 czwartek 7:00 pi\u0105tek 17:00 (I pi\u0105tek miesi\u0105ca godz. 7:00) sobota 18:00 (I sobota miesi\u0105ca godz. 7:00) niedziela 7:00, 9:30, 11:00 Msze \u015bw. z udzielaniem chrztu i roczki: zazwyczaj ostatnia niedziela miesi\u0105ca o 11:00 Nauka przedchrzcielna: w sobot\u0119 poprzedzaj\u0105c\u0105 udzielenie sakramentu chrztu o godz. 16.45 Spowied\u017a \u015bwi\u0119ta: codziennie przed [&hellip;]<\/p>\n","protected":false},"author":1,"featured_media":0,"parent":0,"menu_order":0,"comment_status":"open","ping_status":"open","template":"","meta":{"footnotes":""},"class_list":["post-120","page","type-page","status-publish","hentry"],"_links":{"self":[{"href":"https:\/\/parafia-przyszowice.pl\/w\/wp-json\/wp\/v2\/pages\/120","targetHints":{"allow":["GET"]}}],"collection":[{"href":"https:\/\/parafia-przyszowice.pl\/w\/wp-json\/wp\/v2\/pages"}],"about":[{"href":"https:\/\/parafia-przyszowice.pl\/w\/wp-json\/wp\/v2\/types\/page"}],"author":[{"embeddable":true,"href":"https:\/\/parafia-przyszowice.pl\/w\/wp-json\/wp\/v2\/users\/1"}],"replies":[{"embeddable":true,"href":"https:\/\/parafia-przyszowice.pl\/w\/wp-json\/wp\/v2\/comments?post=120"}],"version-history":[{"count":21,"href":"https:\/\/parafia-przyszowice.pl\/w\/wp-json\/wp\/v2\/pages\/120\/revisions"}],"predecessor-version":[{"id":4390,"href":"https:\/\/parafia-przyszowice.pl\/w\/wp-json\/wp\/v2\/pages\/120\/revisions\/4390"}],"wp:attachment":[{"href":"https:\/\/parafia-przyszowice.pl\/w\/wp-json\/wp\/v2\/media?parent=120"}],"curies":[{"name":"wp","href":"https:\/\/api.w.org\/{rel}","templated":true}]}}