{"id":1155,"date":"2013-02-24T20:11:31","date_gmt":"2013-02-24T19:11:31","guid":{"rendered":"http:\/\/parafia-przyszowice.pl\/w\/?page_id=1155"},"modified":"2013-03-02T14:04:21","modified_gmt":"2013-03-02T13:04:21","slug":"odpusty-w-roku-wiary-w-archidiecezji-katowickiej","status":"publish","type":"page","link":"https:\/\/parafia-przyszowice.pl\/w\/odpusty-w-roku-wiary-w-archidiecezji-katowickiej\/","title":{"rendered":"ODPUSTY W ROKU WIARY W ARCHIDIECEZJI KATOWICKIEJ"},"content":{"rendered":"<p align=\"JUSTIFY\"><span style=\"color: #000000;\"><span style=\"font-family: Calibri,sans-serif;\"><span style=\"font-size: medium;\">Dla ubogacenia szczeg\u00f3lnych nabo\u017ce\u0144stw sprawowanych w Roku Wiary darem \u015bwi\u0119tych odpust\u00f3w, dzia\u0142aj\u0105c<\/span><\/span><span style=\"font-family: Calibri,sans-serif;\"><span style=\"font-size: medium;\">\u00a0<\/span><\/span><em><span style=\"font-family: Calibri,sans-serif;\"><span style=\"font-size: medium;\">w celu u\u015bwi\u0119cenia wiernych<\/span><\/span><\/em><span style=\"font-family: Calibri,sans-serif;\"><span style=\"font-size: medium;\">\u00a0<\/span><\/span><span style=\"font-family: Calibri,sans-serif;\"><span style=\"font-size: medium;\">wedle wskaza\u0144 Ojca \u015awi\u0119tego Benedykta XVI i Penitencjarii Apostolskiej, jak r\u00f3wnie\u017c maj\u0105c na uwadze<\/span><\/span><span style=\"font-family: Calibri,sans-serif;\"><span style=\"font-size: medium;\"><i>\u00a0<\/i><\/span><\/span><em><span style=\"font-family: Calibri,sans-serif;\"><span style=\"font-size: medium;\">w spos\u00f3b szczeg\u00f3lny okoliczno\u015bci miejsca, kultury i tradycji,<\/span><\/span><\/em><span style=\"font-family: Calibri,sans-serif;\"><span style=\"font-size: medium;\"><i>\u00a0<\/i><\/span><\/span><span style=\"font-family: Calibri,sans-serif;\"><span style=\"font-size: medium;\">stwierdzam, i\u017c ustanowiony z okazji Roku Wiary<\/span><\/span><span style=\"font-family: Calibri,sans-serif;\"><span style=\"font-size: medium;\">\u00a0<\/span><\/span><strong><span style=\"font-family: Calibri,sans-serif;\"><span style=\"font-size: medium;\">odpust zupe\u0142ny mog\u0105 pod zwyk\u0142ymi warunkami uzyska\u0107 wierni Archidiecezji Katowickiej, kt\u00f3rzy do 24 listopada 2013 r.<\/span><\/span><\/strong><span style=\"font-family: Calibri,sans-serif;\"><span style=\"font-size: medium;\">:<\/span><\/span><\/span><\/p>\n<ol>\n<li>\n<p align=\"JUSTIFY\"><span style=\"font-family: Calibri,sans-serif; color: #000000;\"><span style=\"font-size: medium;\">Wezm\u0105 udzia\u0142 w co najmniej trzech konferencjach rekolekcji parafialnych albo misji \u015bwi\u0119tych lub w co najmniej trzech wyk\u0142adach na temat dokument\u00f3w Soboru Watyka\u0144skiego II i artyku\u0142\u00f3w Katechizmu Ko\u015bcio\u0142a Katolickiego (w jakimkolwiek ko\u015bciele lub w innym stosownym miejscu).<\/span><\/span><\/p>\n<\/li>\n<\/ol>\n<ol start=\"2\">\n<li>\n<p align=\"JUSTIFY\"><span style=\"font-family: Calibri,sans-serif; color: #000000;\"><span style=\"font-size: medium;\">Za ka\u017cdym razem, gdy b\u0119d\u0105 pielgrzymowali do nast\u0119puj\u0105cych sanktuari\u00f3w Archidiecezji Katowickiej:<\/span><\/span><\/p>\n<\/li>\n<\/ol>\n<p style=\"padding-left: 60px;\" align=\"JUSTIFY\"><span style=\"font-family: Calibri,sans-serif; color: #000000;\"><span style=\"font-size: medium;\">a) Sanktuarium Naj\u015bwi\u0119tszej Maryi Panny, Matki Sprawiedliwo\u015bci i Mi\u0142o\u015bci Spo\u0142ecznej w Piekarach \u015al\u0105skich,<\/span><\/span><\/p>\n<p style=\"padding-left: 60px;\" align=\"JUSTIFY\"><span style=\"font-family: Calibri,sans-serif; color: #000000;\"><span style=\"font-size: medium;\">b) Sanktuarium \u015bwi\u0119tego Floriana w Chorzowie,<\/span><\/span><\/p>\n<p style=\"padding-left: 60px;\"><span style=\"font-family: Calibri,sans-serif; color: #000000;\"><span style=\"font-size: medium;\">c) Sanktuarium Naj\u015bwi\u0119tszego Sakramentu w Jankowicach Rybnickich,<\/span><\/span><\/p>\n<p style=\"padding-left: 60px;\" align=\"JUSTIFY\"><span style=\"font-family: Calibri,sans-serif; color: #000000;\"><span style=\"font-size: medium;\">d) Sanktuarium Matki Bo\u017cej Boguckiej w Katowicach Bogucicach,<\/span><\/span><\/p>\n<p style=\"padding-left: 60px;\" align=\"JUSTIFY\"><span style=\"font-family: Calibri,sans-serif; color: #000000;\"><span style=\"font-size: medium;\">e) Sanktuarium Matki Bo\u017cej Opiekunki \u015arodowiska Naturalnego w Miko\u0142owie \u2013 Bujakowie,<\/span><\/span><\/p>\n<p style=\"padding-left: 60px;\"><span style=\"font-family: Calibri,sans-serif; color: #000000;\"><span style=\"font-size: medium;\">f) Sanktuarium Matki Bo\u017cej U\u015bmiechni\u0119tej w Pszowie,<\/span><\/span><\/p>\n<p style=\"padding-left: 60px;\"><span style=\"font-family: Calibri,sans-serif; color: #000000;\"><span style=\"font-size: medium;\">g) Sanktuarium \u015bw. J\u00f3zefa w Rudzie \u015al\u0105skiej,<\/span><\/span><\/p>\n<p style=\"padding-left: 60px;\"><span style=\"font-family: Calibri,sans-serif; color: #000000;\"><span style=\"font-size: medium;\">h) Sanktuarium Matki Bo\u017cej z Lourdes w Rudzie \u015al\u0105skiej \u2013 Koch\u0142owicach,<\/span><\/span><\/p>\n<p style=\"padding-left: 60px;\" align=\"JUSTIFY\"><span style=\"font-family: Calibri,sans-serif; color: #000000;\"><span style=\"font-size: medium;\">i) \u00a0Sanktuarium \u015bw. Teresy od Dzieci\u0105tka Jezus w Rybniku \u2013 Chwa\u0142owicach,<\/span><\/span><\/p>\n<p style=\"padding-left: 60px;\"><span style=\"font-family: Calibri,sans-serif; color: #000000;\"><span style=\"font-size: medium;\">j) \u00a0Sanktuarium Matki Bo\u017cej Fatimskiej w Turzy \u015al\u0105skiej.<\/span><\/span><\/p>\n<ol start=\"3\">\n<li><span style=\"font-family: Calibri,sans-serif; color: #000000;\"><span style=\"font-size: medium;\">Za ka\u017cdym razem, gdy:<\/span><\/span><\/li>\n<\/ol>\n<p style=\"padding-left: 30px;\" align=\"JUSTIFY\"><span style=\"font-family: Calibri,sans-serif; color: #000000;\"><span style=\"font-size: medium;\">a) pobo\u017cnie nawiedz\u0105 (tzn. wezm\u0105 udzia\u0142 w uroczystej celebracji b\u0105d\u017a przynajmniej zatrzymaj\u0105 si\u0119 na odpowiedni czas skupienia z pobo\u017cnymi medytacjami, ko\u0144cz\u0105c modlitwa Pa\u0144sk\u0105, wyznaniem wiary w jakiejkolwiek formule, jak r\u00f3wnie\u017c przyzywaj\u0105c wstawiennictwa NMP, \u015bwi\u0119tych Aposto\u0142\u00f3w b\u0105d\u017a Patron\u00f3w) nast\u0119puj\u0105ce bazyliki mniejsze w\u00a0Archidiecezji Katowickiej:<\/span><\/span><\/p>\n<ul style=\"padding-left: 30px;\">\n<li><span style=\"font-family: Calibri,sans-serif; color: #000000;\"><span style=\"font-size: medium;\">ko\u015bci\u00f3\u0142 Imienia Naj\u015bwi\u0119tszej Maryi Panny i \u015bw. Bart\u0142omieja w\u00a0Piekarach \u015al\u0105skich,<\/span><\/span><\/li>\n<li><span style=\"font-family: Calibri,sans-serif; color: #000000;\"><span style=\"font-size: medium;\">ko\u015bci\u00f3\u0142 Narodzenia Naj\u015bwi\u0119tszej Maryi Panny w Pszowie,<\/span><\/span><\/li>\n<li><span style=\"font-family: Calibri,sans-serif; color: #000000;\"><span style=\"font-size: medium;\">ko\u015bci\u00f3\u0142 \u015bw. Ludwika Kr\u00f3la i WNMP w Katowicach \u2013 Panewnikach,<\/span><\/span><\/li>\n<li><span style=\"font-family: Calibri,sans-serif; color: #000000;\"><span style=\"font-size: medium;\">ko\u015bci\u00f3\u0142 \u015bw. Antoniego z Padwy w Rybniku,<\/span><\/span><\/li>\n<li><span style=\"font-family: Calibri,sans-serif; color: #000000;\"><span style=\"font-size: medium;\">ko\u015bci\u00f3\u0142 \u015bw. Wojciecha w Miko\u0142owie<\/span><\/span><\/li>\n<li><span style=\"font-family: Calibri,sans-serif; color: #000000;\"><span style=\"font-size: medium;\">oraz katedr\u0119 Chrystusa Kr\u00f3la w Katowicach;<\/span><\/span><\/li>\n<\/ul>\n<p style=\"padding-left: 30px;\" align=\"JUSTIFY\"><span style=\"font-family: Calibri,sans-serif; color: #000000;\"><span style=\"font-size: medium;\">b) zgromadz\u0105 si\u0119 na uroczystej Eucharystii i odm\u00f3wi\u0105 wyznanie wiary w nast\u0119puj\u0105ce dni:<\/span><\/span><\/p>\n<ul style=\"padding-left: 30px;\">\n<li><span style=\"font-family: Calibri,sans-serif; color: #000000;\"><span style=\"font-size: medium;\">uroczysto\u015b\u0107 Chrystusa Kr\u00f3la \u2013 25 listopada 2012 r., tj. w dzie\u0144 otwarcia w katowickiej katedrze II\u00a0Synodu Archidiecezji Katowickiej,<\/span><\/span><\/li>\n<li><span style=\"font-family: Calibri,sans-serif; color: #000000;\"><span style=\"font-size: medium;\">uroczysto\u015b\u0107 Narodzenia Pa\u0144skiego \u2013 25 grudnia 2012 r.,<\/span><\/span><\/li>\n<li><span style=\"font-family: Calibri,sans-serif; color: #000000;\"><span style=\"font-size: medium;\">uroczysto\u015b\u0107 Objawienia Pa\u0144skiego \u2013 6 stycznia 2013 r.,<\/span><\/span><\/li>\n<li><span style=\"font-family: Calibri,sans-serif; color: #000000;\"><span style=\"font-size: medium;\">uroczysto\u015b\u0107 Zwiastowania Pa\u0144skiego \u2013 25 marca 2013 r.,<\/span><\/span><\/li>\n<li><span style=\"font-family: Calibri,sans-serif; color: #000000;\"><span style=\"font-size: medium;\">uroczysto\u015b\u0107 Zmartwychwstania Pa\u0144skiego \u2013 31 marca 2013 r.,<\/span><\/span><\/li>\n<li><span style=\"font-family: Calibri,sans-serif; color: #000000;\"><span style=\"font-size: medium;\">\u015bwi\u0119to Mi\u0142osierdzia Bo\u017cego \u2013 7 kwietnia 2013 r.,<\/span><\/span><\/li>\n<li><span style=\"font-family: Calibri,sans-serif; color: #000000;\"><span style=\"font-size: medium;\">uroczysto\u015b\u0107 Wniebowst\u0105pienia Pa\u0144skiego &#8211; 12 maja 2013 r.,<\/span><\/span><\/li>\n<li><span style=\"font-family: Calibri,sans-serif; color: #000000;\"><span style=\"font-size: medium;\">uroczysto\u015b\u0107 Zes\u0142ania Ducha \u015awi\u0119tego \u2013 19 maja 2013 r.,<\/span><\/span><\/li>\n<li><span style=\"font-family: Calibri,sans-serif; color: #000000;\"><span style=\"font-size: medium;\">uroczysto\u015b\u0107 Tr\u00f3jcy Przenaj\u015bwi\u0119tszej \u2013 26 maja 2013 r. (pielgrzymka m\u0119\u017cczyzn do Piekar \u015al.),<\/span><\/span><\/li>\n<li><span style=\"font-family: Calibri,sans-serif; color: #000000;\"><span style=\"font-size: medium;\">uroczysto\u015b\u0107 Wniebowzi\u0119cia NMP \u2013 15 sierpnia 2013 r.,<\/span><\/span><\/li>\n<li><span style=\"font-family: Calibri,sans-serif; color: #000000;\"><span style=\"font-size: medium;\">uroczysto\u015b\u0107 \u015bw. Jacka, g\u0142\u00f3wnego patrona Archidiecezji Katowickiej \u2013 17 sierpnia 2013 r.,<\/span><\/span><\/li>\n<li><span style=\"font-family: Calibri,sans-serif; color: #000000;\"><span style=\"font-size: medium;\">uroczysto\u015b\u0107 Matki Bo\u017cej Piekarskiej, g\u0142\u00f3wnej patronki Archidiecezji Katowickiej, 12 wrze\u015bnia 2013 r.,<\/span><\/span><\/li>\n<li><span style=\"font-family: Calibri,sans-serif; color: #000000;\"><span style=\"font-size: medium;\">uroczysto\u015b\u0107 Chrystusa Kr\u00f3la, 24 listopada 2013 r., podczas zamkni\u0119cia Roku Wiary,<\/span><\/span><\/li>\n<\/ul>\n<p style=\"padding-left: 30px;\" align=\"JUSTIFY\"><span style=\"font-family: Calibri,sans-serif; color: #000000;\"><span style=\"font-size: medium;\">c) w dowolnym wybranym dniu Roku Wiary pobo\u017cnie nawiedz\u0105 ko\u015bci\u00f3\u0142, w kt\u00f3rym otrzymali chrzest i odnowi\u0105 prywatnie przyrzeczenia chrzcielne;<\/span><\/span><\/p>\n<p style=\"padding-left: 30px;\" align=\"JUSTIFY\"><span style=\"font-family: Calibri,sans-serif; color: #000000;\"><span style=\"font-size: medium;\">d) odpust zupe\u0142ny mog\u0105 uzyska\u0107 te tak\u017ce osoby, kt\u00f3re z powa\u017cnych przyczyn nie mog\u0105 spe\u0142ni\u0107 wymienionych wy\u017cej warunk\u00f3w (np. mniszki klauzurowe, osoby chore, starsze, wi\u0119\u017aniowe, jak i ci, kt\u00f3rzy nieustannie s\u0142u\u017c\u0105 chorym w szpitalach i innych miejscach do tego przeznaczonych), je\u015bli b\u0119d\u0105 jednoczy\u0107 si\u0119 duchowo np. podczas transmisji telewizyjnych lub radiowych uroczysto\u015bci Roku Wiary pod przewodnictwem Ojca \u015awi\u0119tego lub Arcybiskupa Metropolity katowickiego i\u00a0odm\u00f3wi\u0105 modlitwy: \u201eOjcze nasz\u201d, wyznanie wiary oraz inne modlitwy odpowiadaj\u0105ce celom Roku Wiary, ofiaruj\u0105c jednocze\u015bnie swoje cierpienia i niewygody.<\/span><\/span><\/p>\n<p align=\"JUSTIFY\"><strong><span style=\"color: #000000;\">\u00a0\u00a0 <em><span style=\"font-family: Calibri,sans-serif;\"><span style=\"font-size: medium;\">Przypominam wiernym, i\u017c wedle norm prawa powszechnego (<\/span><\/span><span style=\"font-family: Calibri,sans-serif;\"><span style=\"font-size: medium;\">Enchiridion Indulgentiarum. Normae et Concessiones,<\/span><\/span><span style=\"font-family: Calibri,sans-serif;\"><span style=\"font-size: medium;\">\u00a0<\/span><\/span><span style=\"font-family: Calibri,sans-serif;\"><span style=\"font-size: medium;\">quarta editio, Libreria Editrice Vaticana 1999) z \u0142ask\u0105 odpustu zupe\u0142nego \u0142\u0105czy si\u0119 r\u00f3wnie\u017c\u00a0 uczestniczenie w \u0107wiczeniach duchowych (np. rekolekcjach), trwaj\u0105cych przynajmniej trzy pe\u0142ne dni. Zach\u0119cam zatem, by celem szczeg\u00f3lnego pog\u0142\u0119bienia duchowo\u015bci w trakcie Roku Wiary wzi\u0105\u0107 udzia\u0142 w rekolekcjach zamkni\u0119tych w jednym z archidiecezjalnych dom\u00f3w rekolekcyjnych: Domu Rekolekcyjnym Archidiecezji Katowickiej im. bp. Stanis\u0142awa Adamskiego w Wodzis\u0142awiu \u015al\u0105skim \u2013 Kokoszycach, Domu Rekolekcyjnym w Katowicach-Panewnikach, O\u015brodku Spotka\u0144 i Formacji im. \u015bw. Jadwigi \u015al\u0105skiej w Brennej, Domu Rekolekcyjnym Ruchu \u015awiat\u0142o-\u017bycie \u201eEmaus\u201d w Koniakowie, Domu Formacyjnym Ruchu \u015awiat\u0142o-\u017bycie w Wi\u015ble &#8211; Jaworniku, lub Domu Formacyjnym Ruchu \u015awiat\u0142o-\u017bycie \u201eIdylla\u201d w Wi\u015ble.<\/span><\/span><\/em><\/span><\/strong><\/p>\n<p><span style=\"color: #000000;\"><span style=\"font-family: Calibri,sans-serif;\"><span style=\"font-size: medium;\">Aby<\/span><\/span><span style=\"font-family: Calibri,sans-serif;\"><span style=\"font-size: medium;\">\u00a0<\/span><\/span><em><span style=\"font-family: Calibri,sans-serif;\"><span style=\"font-size: medium;\">uczyni\u0107 \u0142atwiejszym dost\u0119p do Sakramentu Pokuty i do otrzymania przebaczenia poprzez w\u0142adz\u0119 Kluczy Ko\u015bcio\u0142a,<\/span><\/span><\/em><span style=\"font-family: Calibri,sans-serif;\"><span style=\"font-size: medium;\"><i>\u00a0<\/i><\/span><\/span><span style=\"font-family: Calibri,sans-serif;\"><span style=\"font-size: medium;\">przypominam, i\u017c na mocy dekretu Biskupa Katowickiego z dnia 10 kwietnia 1984 r. (VA I\u20135463\/84), w\u0142adz\u0119 zwalniania z kary ekskomuniki za przerwanie ci\u0105\u017cy po zaistnieniu skutku otrzymuj\u0105:<\/span><\/span><\/span><\/p>\n<p align=\"JUSTIFY\"><span style=\"font-family: Calibri,sans-serif; color: #000000;\"><span style=\"font-size: medium;\">a) protonotariusze apostolscy, pra\u0142aci honorowi, kapelani Jego \u015awi\u0105tobliwo\u015bci,<\/span><\/span><\/p>\n<p><span style=\"font-family: Calibri,sans-serif; color: #000000;\"><span style=\"font-size: medium;\">b) kanonicy gremialni i honorowi kapitu\u0142y katedralnej,<\/span><\/span><\/p>\n<p align=\"JUSTIFY\"><span style=\"font-family: Calibri,sans-serif; color: #000000;\"><span style=\"font-size: medium;\">c) ksi\u0119\u017ca dziekani i wicedziekani oraz proboszczowie i administratorzy parafii,<\/span><\/span><\/p>\n<p><span style=\"font-family: Calibri,sans-serif; color: #000000;\"><span style=\"font-size: medium;\">d) wy\u017csi prze\u0142o\u017ceni zakonni,<\/span><\/span><\/p>\n<p><span style=\"font-family: Calibri,sans-serif; color: #000000;\"><span style=\"font-size: medium;\">e) wszyscy spowiednicy:<\/span><\/span><\/p>\n<ul>\n<li><span style=\"color: #000000;\"><span style=\"font-family: Calibri,sans-serif;\"><span style=\"font-size: medium;\">w czasie spowiedzi wielkanocnej,<\/span><\/span><\/span><\/li>\n<li><span style=\"color: #000000;\"><span style=\"font-family: Calibri,sans-serif;\"><span style=\"font-size: medium;\">w czasie misji, rekolekcji, dni skupienia,<\/span><\/span><\/span><\/li>\n<li><span style=\"color: #000000;\"><span style=\"font-family: Calibri,sans-serif;\"><span style=\"font-size: medium;\">w czasie kanonicznych wizytacji biskupich i odpust\u00f3w parafialnych,<\/span><\/span><\/span><\/li>\n<li><span style=\"color: #000000;\"><span style=\"font-family: Calibri,sans-serif;\"><span style=\"font-size: medium;\">z okazji spowiedzi generalnych przynajmniej z jednego roku,<\/span><\/span><\/span><\/li>\n<li><span style=\"color: #000000;\"><span style=\"font-family: Calibri,sans-serif;\"><span style=\"font-size: medium;\">z okazji spowiedzi narzeczonych, \u017co\u0142nierzy, wi\u0119\u017ani\u00f3w,<\/span><\/span><\/span><\/li>\n<li><span style=\"color: #000000;\"><span style=\"font-family: Calibri,sans-serif;\"><span style=\"font-size: medium;\">z okazji spowiedzi w szpitalach i chorych, kt\u00f3rzy nie wychodz\u0105 z mieszkania oraz kobiet ci\u0119\u017carnych,<\/span><\/span><\/span><\/li>\n<li><span style=\"color: #000000;\"><span style=\"font-family: Calibri,sans-serif;\"><span style=\"font-size: medium;\">w ko\u015bcio\u0142ach \u2013 sanktuariach diecezji oraz bazylikach mniejszych.<\/span><\/span><\/span><\/li>\n<\/ul>\n<p align=\"JUSTIFY\"><em><strong><span style=\"color: #000000;\"><span style=\"font-family: Calibri,sans-serif;\"><span style=\"font-size: medium;\">Przed rozgrzeszeniem spowiednik winien zobowi\u0105za\u0107 penitenta do stanowczej poprawy na\u00a0przysz\u0142o\u015b\u0107 i wyznaczy\u0107 mu odpowiedni\u0105 pokut\u0119 oraz zado\u015b\u0107uczynienie za pope\u0142nione przest\u0119pstwo. Rozgrzeszenia od cenzury spowiednik udziela po wzbudzeniu odpowiedniej intencji przy u\u017cyciu prawem przepisanej formu\u0142y rozgrzeszenia z mo\u017cliwo\u015bci\u0105 wypowiedzenia formu\u0142y specjalnej:<\/span><\/span><span style=\"font-family: Calibri,sans-serif;\"><span style=\"font-size: medium;\">\u00a0<\/span><\/span><span style=\"font-family: Calibri,sans-serif;\"><span style=\"font-size: medium;\">\u201eNa mocy udzielonej mi w\u0142adzy uwalniam ciebie z wi\u0119z\u00f3w ekskomuniki. W imi\u0119 Ojca i Syna, + i Ducha \u015awi\u0119tego\u201d<\/span><\/span><span style=\"font-family: Calibri,sans-serif;\"><span style=\"font-size: medium;\">\u00a0<\/span><\/span><span style=\"font-family: Calibri,sans-serif;\"><span style=\"font-size: medium;\">(Obrz\u0119dy Pokuty, Katowice 1996, s. 195), kt\u00f3r\u0105 nale\u017cy odm\u00f3wi\u0107 przed absolucj\u0105 z\u00a0grzech\u00f3w.<\/span><\/span><\/span><\/strong><\/em><\/p>\n<p><span style=\"color: #000000;\">\u00a0<\/span><\/p>\n<p><b><span style=\"color: #000000;\"><span style=\"font-family: Calibri,sans-serif;\"><span style=\"font-size: medium;\">Dekret ten jest wa\u017cny jedynie w czasie Roku Wiary<\/span><\/span><span style=\"font-family: Calibri,sans-serif;\"><span style=\"font-size: medium;\">.<\/span><\/span><\/span><\/b><\/p>\n<p><span style=\"color: #000000;\"><em><span style=\"font-family: Calibri,sans-serif;\"><span style=\"font-size: medium;\">Quibuscumque in contrarium facientibus non obstantibus.<\/span><\/span><\/em><span style=\"font-family: Calibri,sans-serif;\"><span style=\"font-size: medium;\">\u00a0\u00a0<\/span><\/span><\/span><\/p>\n<table style=\"border: 0;\" width=\"605\" border=\"0\" cellspacing=\"0\" cellpadding=\"0\">\n<tbody>\n<tr style=\"border: 0;\" valign=\"TOP\">\n<td style=\"border: 0;\" bgcolor=\"#ffffff\" width=\"303\">\n<p align=\"CENTER\"><span style=\"font-family: Calibri,sans-serif; color: #000000;\"><span style=\"font-size: medium;\">ks. Adam Pawlaszczyk<br \/>\nKanclerz<br \/>\nKurii Metropolitalnej<\/span><\/span><\/p>\n<\/td>\n<td style=\"border: 0;\" bgcolor=\"#ffffff\" width=\"302\">\n<p align=\"CENTER\"><span style=\"font-family: Calibri,sans-serif; color: #000000;\"><span style=\"font-size: medium;\">+ Wiktor Skworc<br \/>\nArcybiskup Metropolita<br \/>\nKatowicki<\/span><\/span><\/p>\n<\/td>\n<\/tr>\n<\/tbody>\n<\/table>\n<p><em><b><span style=\"font-family: Calibri,sans-serif; color: #000000;\"><span style=\"font-size: medium;\">Katowice, 11 pa\u017adziernika 2012 r.<\/span><\/span><\/b><\/em><\/p>\n<p><span style=\"color: #000000;\">\u00a0<\/span><\/p>\n","protected":false},"excerpt":{"rendered":"<p>Dla ubogacenia szczeg\u00f3lnych nabo\u017ce\u0144stw sprawowanych w Roku Wiary darem \u015bwi\u0119tych odpust\u00f3w, dzia\u0142aj\u0105c\u00a0w celu u\u015bwi\u0119cenia wiernych\u00a0wedle wskaza\u0144 Ojca \u015awi\u0119tego Benedykta XVI i Penitencjarii Apostolskiej, jak r\u00f3wnie\u017c maj\u0105c na uwadze\u00a0w spos\u00f3b szczeg\u00f3lny okoliczno\u015bci miejsca, kultury i tradycji,\u00a0stwierdzam, i\u017c ustanowiony z okazji Roku Wiary\u00a0odpust zupe\u0142ny mog\u0105 pod zwyk\u0142ymi warunkami uzyska\u0107 wierni Archidiecezji Katowickiej, kt\u00f3rzy do 24 listopada 2013 [&hellip;]<\/p>\n","protected":false},"author":1,"featured_media":0,"parent":0,"menu_order":0,"comment_status":"closed","ping_status":"open","template":"","meta":{"footnotes":""},"class_list":["post-1155","page","type-page","status-publish","hentry"],"_links":{"self":[{"href":"https:\/\/parafia-przyszowice.pl\/w\/wp-json\/wp\/v2\/pages\/1155","targetHints":{"allow":["GET"]}}],"collection":[{"href":"https:\/\/parafia-przyszowice.pl\/w\/wp-json\/wp\/v2\/pages"}],"about":[{"href":"https:\/\/parafia-przyszowice.pl\/w\/wp-json\/wp\/v2\/types\/page"}],"author":[{"embeddable":true,"href":"https:\/\/parafia-przyszowice.pl\/w\/wp-json\/wp\/v2\/users\/1"}],"replies":[{"embeddable":true,"href":"https:\/\/parafia-przyszowice.pl\/w\/wp-json\/wp\/v2\/comments?post=1155"}],"version-history":[{"count":19,"href":"https:\/\/parafia-przyszowice.pl\/w\/wp-json\/wp\/v2\/pages\/1155\/revisions"}],"predecessor-version":[{"id":1196,"href":"https:\/\/parafia-przyszowice.pl\/w\/wp-json\/wp\/v2\/pages\/1155\/revisions\/1196"}],"wp:attachment":[{"href":"https:\/\/parafia-przyszowice.pl\/w\/wp-json\/wp\/v2\/media?parent=1155"}],"curies":[{"name":"wp","href":"https:\/\/api.w.org\/{rel}","templated":true}]}}