{"id":1107,"date":"2013-02-22T20:22:59","date_gmt":"2013-02-22T19:22:59","guid":{"rendered":"http:\/\/parafia-przyszowice.pl\/w\/?page_id=1107"},"modified":"2013-02-24T15:52:15","modified_gmt":"2013-02-24T14:52:15","slug":"bl-jan-pawel-ii-modlitwy-za-wstawiennictwem-bl-jana-pawla-ii","status":"publish","type":"page","link":"https:\/\/parafia-przyszowice.pl\/w\/bl-jan-pawel-ii-modlitwy-za-wstawiennictwem-bl-jana-pawla-ii\/","title":{"rendered":"MODLITWY ZA WSTAWIENNICTWEM B\u0141. JANA PAW\u0141A II"},"content":{"rendered":"<p><span style=\"font-family: Calibri,sans-serif;\"><span style=\"font-size: medium;\"><strong>Modlitwa o udzielenie \u0142aski przez wstawiennictwo S\u0142ugi Bo\u017cego Jana Paw\u0142a II<\/strong><\/span><\/span><br \/>\n<span style=\"font-family: Calibri,sans-serif;\"><span style=\"font-size: medium;\">Bo\u017ce w Tr\u00f3jcy Przenaj\u015bwi\u0119tszej,<\/span><\/span><br \/>\n<span style=\"font-family: Calibri,sans-serif;\"><span style=\"font-size: medium;\">Dzi\u0119kujemy Ci za to, \u017ce da\u0142e\u015b Ko\u015bcio\u0142owi Papie\u017ca Jana Paw\u0142a II, w kt\u00f3rym zaja\u015bnia\u0142a Twoja ojcowska dobro\u0107, chwa\u0142a krzy\u017ca Chrystusa i pi\u0119kno Ducha mi\u0142o\u015bci.<\/span><\/span><br \/>\n<span style=\"font-family: Calibri,sans-serif;\"><span style=\"font-size: medium;\">On, zawierzaj\u0105c ca\u0142kowicie Twojemu mi\u0142osierdziu i matczynemu wstawiennictwu Maryi, ukaza\u0142 nam \u017cywy obraz Jezusa Dobrego Pasterza, wskazuj\u0105c \u015bwi\u0119to\u015b\u0107, kt\u00f3ra jest miar\u0105 \u017cycia chrze\u015bcija\u0144skiego, jako drog\u0119 dla osi\u0105gni\u0119cia wiecznego zjednoczenia z Tob\u0105.<\/span><\/span><br \/>\n<span style=\"font-family: Calibri,sans-serif;\"><span style=\"font-size: medium;\">Udziel nam, za jego przyczyn\u0105, zgodnie z Twoj\u0105 wol\u0105, tej \u0142aski, o kt\u00f3r\u0105 prosimy z nadziej\u0105, \u017ce Tw\u00f3j S\u0142uga Papie\u017c Jan Pawe\u0142 II, zostanie rych\u0142o w\u0142\u0105czony w poczet Twoich \u015bwi\u0119tych. <\/span><\/span><br \/>\n<span style=\"font-family: Calibri,sans-serif;\"><span style=\"font-size: medium;\">Amen<\/span><\/span><\/p>\n<p><em><span style=\"font-family: Calibri,sans-serif;\"><span style=\"font-size: small;\">Za zgod\u0105 w\u0142adzy ko\u015bcielnej <\/span><\/span><\/em><br \/>\n<em><span style=\"font-family: Calibri,sans-serif;\"><span style=\"font-size: small;\">CAMILLO KARD. RUINI <\/span><\/span><\/em><br \/>\n<span style=\"font-family: Calibri,sans-serif;\"><span style=\"font-size: small;\"><em>Wikariusz Jego \u015awi\u0105tobliwo\u015bci dla Diecezji Rzymskiej<\/em> <\/span><\/span><\/p>\n<p><span style=\"font-family: Calibri,sans-serif;\"><span style=\"font-size: medium;\"><strong>Litania do b\u0142. Jana Paw\u0142a II<\/strong><\/span><\/span><br \/>\n<span style=\"font-family: Calibri,sans-serif;\"><span style=\"font-size: medium;\">Kyrie eleison, Christe eleison, Kyrie eleison. <\/span><\/span><br \/>\n<span style=\"font-family: Calibri,sans-serif;\"><span style=\"font-size: medium;\">Chryste us\u0142ysz nas, Chryste wys\u0142uchaj nas. <\/span><\/span><br \/>\n<span style=\"font-family: Calibri,sans-serif;\"><span style=\"font-size: medium;\">Ojcze z nieba, Bo\u017ce &#8211; zmi\u0142uj si\u0119 nad nami. <\/span><\/span><br \/>\n<span style=\"font-family: Calibri,sans-serif;\"><span style=\"font-size: medium;\">Synu Odkupicielu \u015bwiata, Bo\u017ce &#8211; zmi\u0142uj si\u0119 nad nami. <\/span><\/span><br \/>\n<span style=\"font-family: Calibri,sans-serif;\"><span style=\"font-size: medium;\">Duchu \u015awi\u0119ty, Bo\u017ce &#8211; zmi\u0142uj si\u0119 nad nami. <\/span><\/span><br \/>\n<span style=\"font-family: Calibri,sans-serif;\"><span style=\"font-size: medium;\">\u015awi\u0119ta Tr\u00f3jco, Jedyny Bo\u017ce &#8211; zmi\u0142uj si\u0119 nad nami. <\/span><\/span><br \/>\n<span style=\"font-family: Calibri,sans-serif;\"><span style=\"font-size: medium;\">\u015awi\u0119ta Maryjo &#8211; m\u00f3dl si\u0119 za nami. <\/span><\/span><\/p>\n<p lang=\"en-US\" align=\"JUSTIFY\"><span style=\"font-family: Calibri,sans-serif;\"><span style=\"font-size: medium;\"><span style=\"color: #000000;\">B\u0142ogos\u0142awiony Janie Pawle, m\u00f3dl si\u0119 za nami (powtarzamy po ka\u017cdym wezwaniu) <\/span><\/span><\/span><br \/>\n<span style=\"font-family: Calibri,sans-serif;\"><span style=\"font-size: medium;\">Zanurzony w Ojcu, bogatym w mi\u0142osierdzie, <\/span><\/span><br \/>\n<span style=\"font-family: Calibri,sans-serif;\"><span style=\"font-size: medium;\">Zjednoczony z Chrystusem, Odkupicielem cz\u0142owieka, <\/span><\/span><br \/>\n<span style=\"font-family: Calibri,sans-serif;\"><span style=\"font-size: medium;\">Nape\u0142niony Duchem \u015awi\u0119tym, Panem i O\u017cywicielem <\/span><\/span><br \/>\n<span style=\"font-family: Calibri,sans-serif;\"><span style=\"font-size: medium;\">Ca\u0142kowicie oddany Maryi, <\/span><\/span><br \/>\n<span style=\"font-family: Calibri,sans-serif;\"><span style=\"font-size: medium;\">Przyjacielu \u015awi\u0119tych i B\u0142ogos\u0142awionych, <\/span><\/span><br \/>\n<span style=\"font-family: Calibri,sans-serif;\"><span style=\"font-size: medium;\">Nast\u0119pco Piotra i S\u0142ugo s\u0142ug Bo\u017cych, <\/span><\/span><br \/>\n<span style=\"font-family: Calibri,sans-serif;\"><span style=\"font-size: medium;\">Str\u00f3\u017cu Ko\u015bcio\u0142a nauczaj\u0105cy prawd wiary, <\/span><\/span><br \/>\n<span style=\"font-family: Calibri,sans-serif;\"><span style=\"font-size: medium;\">Ojcze Soboru i wykonawco jego wskaza\u0144, <\/span><\/span><br \/>\n<span style=\"font-family: Calibri,sans-serif;\"><span style=\"font-size: medium;\">Umacniaj\u0105cy jedno\u015b\u0107 chrze\u015bcijan i ca\u0142ej rodziny ludzkiej, <\/span><\/span><\/p>\n<p lang=\"en-US\" align=\"JUSTIFY\"><span style=\"font-family: Calibri,sans-serif;\"><span style=\"font-size: medium;\">Gorliwy Mi\u0142o\u015bniku Eucharystii, <\/span><\/span><br \/>\n<span style=\"font-family: Calibri,sans-serif;\"><span style=\"font-size: medium;\">Niestrudzony Pielgrzymie tej ziemi, <\/span><\/span><br \/>\n<span style=\"font-family: Calibri,sans-serif;\"><span style=\"font-size: medium;\">Misjonarzu wszystkich narod\u00f3w, <\/span><\/span><br \/>\n<span style=\"font-family: Calibri,sans-serif;\"><span style=\"font-size: medium;\">\u015awiadku wiary, nadziei i mi\u0142o\u015bci, <\/span><\/span><br \/>\n<span style=\"font-family: Calibri,sans-serif;\"><span style=\"font-size: medium;\">Wytrwa\u0142y Uczestniku cierpie\u0144 Chrystusowych, <\/span><\/span><br \/>\n<span style=\"font-family: Calibri,sans-serif;\"><span style=\"font-size: medium;\">Apostole pojednania i pokoju, <\/span><\/span><br \/>\n<span style=\"font-family: Calibri,sans-serif;\"><span style=\"font-size: medium;\">Promotorze cywilizacji mi\u0142o\u015bci, <\/span><\/span><br \/>\n<span style=\"font-family: Calibri,sans-serif;\"><span style=\"font-size: medium;\">G\u0142osicielu Nowej Ewangelizacji, <\/span><\/span><br \/>\n<span style=\"font-family: Calibri,sans-serif;\"><span style=\"font-size: medium;\">Mistrzu wzywaj\u0105cy do wyp\u0142yni\u0119cia na g\u0142\u0119bi\u0119, <\/span><\/span><br \/>\n<span style=\"font-family: Calibri,sans-serif;\"><span style=\"font-size: medium;\">Nauczycielu ukazuj\u0105cy \u015bwi\u0119to\u015b\u0107 jako miar\u0119 \u017cycia, <\/span><\/span><br \/>\n<span style=\"font-family: Calibri,sans-serif;\"><span style=\"font-size: medium;\">Papie\u017cu Bo\u017cego Mi\u0142osierdzia, <\/span><\/span><br \/>\n<span style=\"font-family: Calibri,sans-serif;\"><span style=\"font-size: medium;\">Kap\u0142anie gromadz\u0105cy Ko\u015bci\u00f3\u0142 na sk\u0142adanie ofiary, <\/span><\/span><br \/>\n<span style=\"font-family: Calibri,sans-serif;\"><span style=\"font-size: medium;\">Pasterzu prowadz\u0105cy owczarni\u0119 do nieba, <\/span><\/span><\/p>\n<p lang=\"en-US\" align=\"JUSTIFY\"><span style=\"font-family: Calibri,sans-serif;\"><span style=\"font-size: medium;\">Bracie i Mistrzu kap\u0142an\u00f3w, <\/span><\/span><br \/>\n<span style=\"font-family: Calibri,sans-serif;\"><span style=\"font-size: medium;\">Ojcze os\u00f3b konsekrowanych, <\/span><\/span><br \/>\n<span style=\"font-family: Calibri,sans-serif;\"><span style=\"font-size: medium;\">Patronie rodzin chrze\u015bcija\u0144skich, <\/span><\/span><br \/>\n<span style=\"font-family: Calibri,sans-serif;\"><span style=\"font-size: medium;\">Umocnienie ma\u0142\u017conk\u00f3w, <\/span><\/span><br \/>\n<span style=\"font-family: Calibri,sans-serif;\"><span style=\"font-size: medium;\">Obro\u0144co nienarodzonych, <\/span><\/span><br \/>\n<span style=\"font-family: Calibri,sans-serif;\"><span style=\"font-size: medium;\">Opiekunie dzieci, sierot i opuszczonych, <\/span><\/span><br \/>\n<span style=\"font-family: Calibri,sans-serif;\"><span style=\"font-size: medium;\">Przyjacielu i Wychowawco m\u0142odzie\u017cy, <\/span><\/span><br \/>\n<span style=\"font-family: Calibri,sans-serif;\"><span style=\"font-size: medium;\">Dobry Samarytaninie dla cierpi\u0105cych, <\/span><\/span><br \/>\n<span style=\"font-family: Calibri,sans-serif;\"><span style=\"font-size: medium;\">Wsparcie dla ludzi starszych i samotnych, <\/span><\/span><\/p>\n<p lang=\"en-US\" align=\"JUSTIFY\"><span style=\"font-family: Calibri,sans-serif;\"><span style=\"font-size: medium;\">G\u0142osicielu prawdy o godno\u015bci cz\u0142owieka, <\/span><\/span><br \/>\n<span style=\"font-family: Calibri,sans-serif;\"><span style=\"font-size: medium;\">M\u0119\u017cu modlitwy zanurzony w Bogu, <\/span><\/span><br \/>\n<span style=\"font-family: Calibri,sans-serif;\"><span style=\"font-size: medium;\">Mi\u0142o\u015bniku liturgii sprawuj\u0105cy Ofiar\u0119 na o\u0142tarzach \u015bwiata, <\/span><\/span><br \/>\n<span style=\"font-family: Calibri,sans-serif;\"><span style=\"font-size: medium;\">Uosobienie pracowito\u015bci, <\/span><\/span><br \/>\n<span style=\"font-family: Calibri,sans-serif;\"><span style=\"font-size: medium;\">Zakochany w krzy\u017cu Chrystusa, <\/span><\/span><br \/>\n<span style=\"font-family: Calibri,sans-serif;\"><span style=\"font-size: medium;\">Przyk\u0142adnie realizuj\u0105cy powo\u0142anie, <\/span><\/span><br \/>\n<span style=\"font-family: Calibri,sans-serif;\"><span style=\"font-size: medium;\">Wytrwa\u0142y w cierpieniu, <\/span><\/span><br \/>\n<span style=\"font-family: Calibri,sans-serif;\"><span style=\"font-size: medium;\">Wzorze \u017cycia i umierania dla Pana, <\/span><\/span><\/p>\n<p lang=\"en-US\" align=\"JUSTIFY\"><span style=\"font-family: Calibri,sans-serif;\"><span style=\"font-size: medium;\">Upominaj\u0105cy grzesznik\u00f3w, <\/span><\/span><br \/>\n<span style=\"font-family: Calibri,sans-serif;\"><span style=\"font-size: medium;\">Wskazuj\u0105cy drog\u0119 b\u0142\u0105dz\u0105cym, <\/span><\/span><br \/>\n<span style=\"font-family: Calibri,sans-serif;\"><span style=\"font-size: medium;\">Przebaczaj\u0105cy krzywdzicielom, <\/span><\/span><br \/>\n<span style=\"font-family: Calibri,sans-serif;\"><span style=\"font-size: medium;\">Szanuj\u0105cy przeciwnik\u00f3w i prze\u015bladowc\u00f3w, <\/span><\/span><br \/>\n<span style=\"font-family: Calibri,sans-serif;\"><span style=\"font-size: medium;\">Rzeczniku i obro\u0144co prze\u015bladowanych, <\/span><\/span><br \/>\n<span style=\"font-family: Calibri,sans-serif;\"><span style=\"font-size: medium;\">Wspieraj\u0105cy bezrobotnych, <\/span><\/span><br \/>\n<span style=\"font-family: Calibri,sans-serif;\"><span style=\"font-size: medium;\">Zatroskany o bezdomnych, <\/span><\/span><br \/>\n<span style=\"font-family: Calibri,sans-serif;\"><span style=\"font-size: medium;\">Odwiedzaj\u0105cy wi\u0119\u017ani\u00f3w, <\/span><\/span><br \/>\n<span style=\"font-family: Calibri,sans-serif;\"><span style=\"font-size: medium;\">Umacniaj\u0105cy s\u0142abych, <\/span><\/span><br \/>\n<span style=\"font-family: Calibri,sans-serif;\"><span style=\"font-size: medium;\">Ucz\u0105cy wszystkich solidarno\u015bci, <\/span><\/span><\/p>\n<p lang=\"en-US\" align=\"JUSTIFY\"><span style=\"font-family: Calibri,sans-serif;\"><span style=\"font-size: medium;\">Baranku Bo\u017cy, kt\u00f3ry g\u0142adzisz grzechy \u015bwiata &#8211; przepu\u015b\u0107 nam, Panie. <\/span><\/span><br \/>\n<span style=\"font-family: Calibri,sans-serif;\"><span style=\"font-size: medium;\">Baranku Bo\u017cy, kt\u00f3ry g\u0142adzisz grzechy \u015bwiata &#8211; wys\u0142uchaj nas. Panie. <\/span><\/span><br \/>\n<span style=\"font-family: Calibri,sans-serif;\"><span style=\"font-size: medium;\">Baranku Bo\u017cy, kt\u00f3ry g\u0142adzisz grzechy \u015bwiata &#8211; zmi\u0142uj si\u0119 nad nami. <\/span><\/span><\/p>\n<p lang=\"en-US\" align=\"JUSTIFY\"><span style=\"font-family: Calibri,sans-serif;\"><span style=\"font-size: medium;\">M\u00f3dl si\u0119 za nami b\u0142ogos\u0142awiony Janie Pawle. <\/span><\/span><br \/>\n<span style=\"font-family: Calibri,sans-serif;\"><span style=\"font-size: medium;\">Aby\u015bmy \u017cyciem i s\u0142owem g\u0142osili \u015bwiatu Chrystusa, Odkupiciela cz\u0142owieka. <\/span><\/span><\/p>\n<p lang=\"en-US\" align=\"JUSTIFY\"><span style=\"font-family: Calibri,sans-serif;\"><span style=\"font-size: medium;\">M\u00f3dlmy si\u0119: <\/span><\/span><br \/>\n<span style=\"font-family: Calibri,sans-serif;\"><span style=\"font-size: medium;\">Mi\u0142osierny Bo\u017ce, przyjmij nasze dzi\u0119kczynienie za dar apostolskiego \u017cycia i pos\u0142annictwa b\u0142ogos\u0142awionego Jana Paw\u0142a II i za jego wstawiennictwem pom\u00f3\u017c nam wzrasta\u0107 w mi\u0142o\u015bci do Ciebie i odwa\u017cnie g\u0142osi\u0107 mi\u0142o\u015b\u0107 Chrystusa wszystkim ludziom. Przez Chrystusa, Pana naszego. <\/span><\/span><\/p>\n<p lang=\"en-US\" align=\"JUSTIFY\"><span style=\"font-family: Calibri,sans-serif;\"><span style=\"font-size: medium;\">Amen.<\/span><\/span><\/p>\n<p><em><span style=\"font-family: Calibri,sans-serif;\"><span style=\"font-size: small;\"><span style=\"color: #000000;\">Litania do b\u0142. Jana Paw\u0142a II posiada imprimatur Metropolity Krakowskiego,<\/span><\/span><\/span><\/em><br \/>\n<em><span style=\"font-family: Calibri,sans-serif;\"><span style=\"font-size: small;\">ks. kard. Stanis\u0142awa Dziwisz z 12 kwietnia 2011 r.<\/span><\/span><\/em><\/p>\n","protected":false},"excerpt":{"rendered":"<p>Modlitwa o udzielenie \u0142aski przez wstawiennictwo S\u0142ugi Bo\u017cego Jana Paw\u0142a II Bo\u017ce w Tr\u00f3jcy Przenaj\u015bwi\u0119tszej, Dzi\u0119kujemy Ci za to, \u017ce da\u0142e\u015b Ko\u015bcio\u0142owi Papie\u017ca Jana Paw\u0142a II, w kt\u00f3rym zaja\u015bnia\u0142a Twoja ojcowska dobro\u0107, chwa\u0142a krzy\u017ca Chrystusa i pi\u0119kno Ducha mi\u0142o\u015bci. On, zawierzaj\u0105c ca\u0142kowicie Twojemu mi\u0142osierdziu i matczynemu wstawiennictwu Maryi, ukaza\u0142 nam \u017cywy obraz Jezusa Dobrego Pasterza, [&hellip;]<\/p>\n","protected":false},"author":1,"featured_media":0,"parent":0,"menu_order":0,"comment_status":"closed","ping_status":"open","template":"","meta":{"footnotes":""},"class_list":["post-1107","page","type-page","status-publish","hentry"],"_links":{"self":[{"href":"https:\/\/parafia-przyszowice.pl\/w\/wp-json\/wp\/v2\/pages\/1107","targetHints":{"allow":["GET"]}}],"collection":[{"href":"https:\/\/parafia-przyszowice.pl\/w\/wp-json\/wp\/v2\/pages"}],"about":[{"href":"https:\/\/parafia-przyszowice.pl\/w\/wp-json\/wp\/v2\/types\/page"}],"author":[{"embeddable":true,"href":"https:\/\/parafia-przyszowice.pl\/w\/wp-json\/wp\/v2\/users\/1"}],"replies":[{"embeddable":true,"href":"https:\/\/parafia-przyszowice.pl\/w\/wp-json\/wp\/v2\/comments?post=1107"}],"version-history":[{"count":12,"href":"https:\/\/parafia-przyszowice.pl\/w\/wp-json\/wp\/v2\/pages\/1107\/revisions"}],"predecessor-version":[{"id":1151,"href":"https:\/\/parafia-przyszowice.pl\/w\/wp-json\/wp\/v2\/pages\/1107\/revisions\/1151"}],"wp:attachment":[{"href":"https:\/\/parafia-przyszowice.pl\/w\/wp-json\/wp\/v2\/media?parent=1107"}],"curies":[{"name":"wp","href":"https:\/\/api.w.org\/{rel}","templated":true}]}}